
{"id":7984,"date":"2025-08-30T12:27:57","date_gmt":"2025-08-30T10:27:57","guid":{"rendered":"https:\/\/www.lindenauschule-hu.de\/?page_id=7984"},"modified":"2025-08-30T12:27:57","modified_gmt":"2025-08-30T10:27:57","slug":"abitur","status":"publish","type":"page","link":"https:\/\/www.lindenauschule-hu.de\/?page_id=7984","title":{"rendered":"Abitur"},"content":{"rendered":"<p>Zu Beginn der Schullaufbahn in der Oberstufe erscheint das Abitur noch in weiter Ferne. Sp\u00e4testens in der Q-Phase entsteht schnell Panik, wenn die Abiturtermine immer n\u00e4her r\u00fccken.<\/p>\n<p>Das muss nicht sein, wenn man sich kontinuierlich den Unterrichtsstoff solide aneignet und engagiert mitarbeitet. Mit einer sorgf\u00e4ltigen Planung der Kurswahl und -abwahl ergeben sich gen\u00fcgend Freir\u00e4ume f\u00fcr eine zielf\u00fchrende Abiturvorbereitung.<\/p>\n<p>Eine vorl\u00e4ufige Einwahl in die Abiturpr\u00fcfungsf\u00e4cher erfolgt schon vor den Weihnachtsferien in Q3, damit bei der endg\u00fcltigen Meldung zu Beginn von Q4 nichts mehr schief l\u00e4uft!<\/p>\n<p>Meldeunterlagen und Ablaufinfos unter: Downloads<\/p>\n<p><strong>Formale Aspekte:<\/strong><\/p>\n<ul>\n<li><u>Zulassungsbedingungen, Beleg- und Einbringverpflichtungen:<\/u><br \/>\n\u2013 Verpflichtungen der 2. Fremdsprache erf\u00fcllt<br \/>\n\u2013 Einbringverpflichtung erf\u00fcllt (4x Deutsch, 1.FS, Mathe + 1 NaWi; 2x 2.FS o. 2.NaWi, 2x PoWi, 2x mus. Fach, Geschi aus Q3+4, ggfs. Reli\/Ethik)<br \/>\n\u2013 Belegverpflichtung erf\u00fcllt (Einbringverpflichtung plus 4x Sport, Geschi, 2x PoWi, Reli\/Ethik)<\/li>\n<\/ul>\n<p>&nbsp;<\/p>\n<ul>\n<li>Unter den Pr\u00fcfungsf\u00e4chern (PF) sind<br \/>\n<b>\u2013 Deutsch,<br \/>\n\u2013 Mathematik,<br \/>\n\u2013 eine Fremdsprache oder eine Naturwissenschaft<\/b><\/li>\n<li>Alle PF sind seit E1 belegt<\/li>\n<li>Die schriftlichen PF decken 2 AF ab<\/li>\n<li>Die 5 PF decken alle 3 AF ab<\/li>\n<li>Sport als 5.PF wurde 3-st\u00fcndig unterrichtet<\/li>\n<\/ul>\n<p>Das 5. PF kann auf Antrag eine Pr\u00e4sentationspr\u00fcfung sein.<br \/>\nHierzu informieren wir gesondert.<\/p>\n<p>Die folgenden Tabellen liefern eine \u00dcbersicht dar\u00fcber, welche Kurse in der gesamten Q-Phase belegt und welche Kurse davon in die Abiturwertung eingebracht werden m\u00fcssen bzw. welche Berechnungsmodalit\u00e4ten der Abiturwertung zugrunde liegen.<\/p>\n","protected":false},"excerpt":{"rendered":"<p>Zu Beginn der Schullaufbahn in der Oberstufe erscheint das Abitur noch in weiter Ferne. Sp\u00e4testens in der Q-Phase entsteht schnell Panik, wenn die Abiturtermine immer n\u00e4her r\u00fccken. Das muss nicht sein, wenn man sich kontinuierlich den Unterrichtsstoff solide aneignet und<\/p>\n","protected":false},"author":2,"featured_media":0,"parent":0,"menu_order":0,"comment_status":"closed","ping_status":"closed","template":"","meta":{"footnotes":""},"class_list":["post-7984","page","type-page","status-publish","hentry"],"_links":{"self":[{"href":"https:\/\/www.lindenauschule-hu.de\/index.php?rest_route=\/wp\/v2\/pages\/7984","targetHints":{"allow":["GET"]}}],"collection":[{"href":"https:\/\/www.lindenauschule-hu.de\/index.php?rest_route=\/wp\/v2\/pages"}],"about":[{"href":"https:\/\/www.lindenauschule-hu.de\/index.php?rest_route=\/wp\/v2\/types\/page"}],"author":[{"embeddable":true,"href":"https:\/\/www.lindenauschule-hu.de\/index.php?rest_route=\/wp\/v2\/users\/2"}],"replies":[{"embeddable":true,"href":"https:\/\/www.lindenauschule-hu.de\/index.php?rest_route=%2Fwp%2Fv2%2Fcomments&post=7984"}],"version-history":[{"count":1,"href":"https:\/\/www.lindenauschule-hu.de\/index.php?rest_route=\/wp\/v2\/pages\/7984\/revisions"}],"predecessor-version":[{"id":7985,"href":"https:\/\/www.lindenauschule-hu.de\/index.php?rest_route=\/wp\/v2\/pages\/7984\/revisions\/7985"}],"wp:attachment":[{"href":"https:\/\/www.lindenauschule-hu.de\/index.php?rest_route=%2Fwp%2Fv2%2Fmedia&parent=7984"}],"curies":[{"name":"wp","href":"https:\/\/api.w.org\/{rel}","templated":true}]}}