
{"id":7969,"date":"2025-07-16T08:19:25","date_gmt":"2025-07-16T06:19:25","guid":{"rendered":"http:\/\/lindenauschule-hu.de.w02072af.kasserver.com\/?page_id=7969"},"modified":"2025-07-16T08:24:27","modified_gmt":"2025-07-16T06:24:27","slug":"schulleben","status":"publish","type":"page","link":"https:\/\/www.lindenauschule-hu.de\/?page_id=7969","title":{"rendered":"Schulleben"},"content":{"rendered":"<p>Oberstufengeb\u00e4ude<\/p>\n<p>Mensa<\/p>\n<p>Seminarfahrt Einf\u00fchrungsphase<\/p>\n<p>Londonfahrt<\/p>\n<p>Sch\u00fcleraustausch Spanien<\/p>\n<p>Studienfahrt<\/p>\n","protected":false},"excerpt":{"rendered":"<p>Oberstufengeb\u00e4ude Mensa Seminarfahrt Einf\u00fchrungsphase Londonfahrt Sch\u00fcleraustausch Spanien Studienfahrt<\/p>\n","protected":false},"author":2,"featured_media":0,"parent":0,"menu_order":0,"comment_status":"closed","ping_status":"closed","template":"","meta":{"footnotes":""},"class_list":["post-7969","page","type-page","status-publish","hentry"],"_links":{"self":[{"href":"https:\/\/www.lindenauschule-hu.de\/index.php?rest_route=\/wp\/v2\/pages\/7969","targetHints":{"allow":["GET"]}}],"collection":[{"href":"https:\/\/www.lindenauschule-hu.de\/index.php?rest_route=\/wp\/v2\/pages"}],"about":[{"href":"https:\/\/www.lindenauschule-hu.de\/index.php?rest_route=\/wp\/v2\/types\/page"}],"author":[{"embeddable":true,"href":"https:\/\/www.lindenauschule-hu.de\/index.php?rest_route=\/wp\/v2\/users\/2"}],"replies":[{"embeddable":true,"href":"https:\/\/www.lindenauschule-hu.de\/index.php?rest_route=%2Fwp%2Fv2%2Fcomments&post=7969"}],"version-history":[{"count":1,"href":"https:\/\/www.lindenauschule-hu.de\/index.php?rest_route=\/wp\/v2\/pages\/7969\/revisions"}],"predecessor-version":[{"id":7970,"href":"https:\/\/www.lindenauschule-hu.de\/index.php?rest_route=\/wp\/v2\/pages\/7969\/revisions\/7970"}],"wp:attachment":[{"href":"https:\/\/www.lindenauschule-hu.de\/index.php?rest_route=%2Fwp%2Fv2%2Fmedia&parent=7969"}],"curies":[{"name":"wp","href":"https:\/\/api.w.org\/{rel}","templated":true}]}}