
{"id":7958,"date":"2025-07-16T08:02:56","date_gmt":"2025-07-16T06:02:56","guid":{"rendered":"http:\/\/lindenauschule-hu.de.w02072af.kasserver.com\/?page_id=7958"},"modified":"2025-07-16T08:23:21","modified_gmt":"2025-07-16T06:23:21","slug":"einfuehrungsphase-2","status":"publish","type":"page","link":"https:\/\/www.lindenauschule-hu.de\/?page_id=7958","title":{"rendered":"Einf\u00fchrungsphase"},"content":{"rendered":"<p>Die einj\u00e4hrige E-Phase dient der Kompensation unterschiedlicher Bildungsvoraussetzungen und bereitet auf die Arbeit mit den neuen Aufgabenformaten in den Grund- und Leistungskursen der Qualifikationsphase vor.<br \/>\n<i>(Intensivierung der Kurse in Deutsch, Englisch, Chemie mit 1 Wochenstunde und Mathematik mit 2 Wochenstunden zus\u00e4tzlich!)<\/i><\/p>\n<p>Zur Unterst\u00fctzung der Eingew\u00f6hnung wird der Unterricht an der Lindenauschule in der E-Phase im <b>Klassenverband<\/b> durchgef\u00fchrt.<br \/>\nAls Kurse organisiert werden die <b>musischen F\u00e4cher<\/b> (Kunst, Musik oder Darstellendes Spiel), der <b>Religions- <\/b>bzw.<b> Ethikunterricht<\/b> und die <b>2. Fremdsprache<\/b>.<\/p>\n<ul>\n<li>Eine in der Sekundarstufe I begonnene <strong>2. Fremdsprache<\/strong> wird in der Oberstufe fortgef\u00fchrt.<br \/>\nF\u00fcr Sch\u00fclerinnen und Sch\u00fcler, die diese nicht fortf\u00fchren k\u00f6nnen (fehlendes Angebot) oder keine 2. Fremdsprache hatten, werden die Sprachen Franz\u00f6sisch oder Spanisch f\u00fcr Anf\u00e4nger angeboten. Diese neu begonnene Fremdsprache muss durchgehend bis zum Abitur belegt werden.<\/li>\n<li>Am Ende der Einf\u00fchrungsphase entscheidet eine Konferenz \u00fcber die <strong>Zulassung zur Q-Phase<\/strong>. Zugelassen wird, wer<br \/>\n\u2013 in allen Kursen mindestens 05 Punkte erreicht,<br \/>\n\u2013 ein Fach unter 05 Punkten mit einem Fach mit 10 bzw. 2 F\u00e4chern mit 07 Punkten ausgleichen kann. (Deutsch, Mathematik und Fremdsprachen nur untereinander)<br \/>\nNicht zugelassen werden kann, wer<br \/>\n\u2013 ein verbindliches Fach mit 00 Punkten,<br \/>\n\u2013 2 F\u00e4cher aus D, M u. FS unter 05 Punkte,<br \/>\n\u2013 oder 3 und mehr F\u00e4cher unter 05 Punkte abschlie\u00dft.<\/li>\n<li>Eine <b>Wiederholung<\/b> der E-Phase ist <b>m\u00f6glich<\/b>,<br \/>\njedoch <u>nicht<\/u>, wenn bereits das vorangegangene Schuljahr oder die Einf\u00fchrungsphase selbst wiederholt wurde. (in einem bayrischen G8-Gymnasium w\u00e4re das die Jahrgangsstufe 10!)<br \/>\nIn diesem Fall muss die gymnasiale Oberstufe verlassen werden.<\/li>\n<\/ul>\n<hr \/>\n<p><img loading=\"lazy\" decoding=\"async\" class=\" wp-image-274 alignleft\" src=\"https:\/\/www.lindenauschule.de\/los\/wp-content\/uploads\/2017\/01\/Grafik04a-218x300.jpg\" sizes=\"auto, (max-width: 237px) 100vw, 237px\" srcset=\"https:\/\/www.lindenauschule.de\/los\/wp-content\/uploads\/2017\/01\/Grafik04a-218x300.jpg 218w, https:\/\/www.lindenauschule.de\/los\/wp-content\/uploads\/2017\/01\/Grafik04a-768x1056.jpg 768w, https:\/\/www.lindenauschule.de\/los\/wp-content\/uploads\/2017\/01\/Grafik04a-744x1024.jpg 744w, https:\/\/www.lindenauschule.de\/los\/wp-content\/uploads\/2017\/01\/Grafik04a-100x138.jpg 100w, https:\/\/www.lindenauschule.de\/los\/wp-content\/uploads\/2017\/01\/Grafik04a-150x206.jpg 150w, https:\/\/www.lindenauschule.de\/los\/wp-content\/uploads\/2017\/01\/Grafik04a-200x275.jpg 200w, https:\/\/www.lindenauschule.de\/los\/wp-content\/uploads\/2017\/01\/Grafik04a-300x413.jpg 300w, https:\/\/www.lindenauschule.de\/los\/wp-content\/uploads\/2017\/01\/Grafik04a-450x619.jpg 450w, https:\/\/www.lindenauschule.de\/los\/wp-content\/uploads\/2017\/01\/Grafik04a-600x825.jpg 600w, https:\/\/www.lindenauschule.de\/los\/wp-content\/uploads\/2017\/01\/Grafik04a-900x1238.jpg 900w\" alt=\"grafik04a\" width=\"237\" height=\"327\" \/><\/p>\n<p>Zu Beginn der E-Phase erhalten alle Sch\u00fclerinnen und Sch\u00fcler von uns kostenfrei die Brosch\u00fcre des Hessischen Kultusministeriums \u201eAbitur in Hessen \u2013 Ein guter Weg\u201c, das die Selbstorganisation unterst\u00fctzt und als Grundlage f\u00fcr die Arbeit und individuelle Beratung in den Tutorien dient.<\/p>\n<p>Sollte die Brosch\u00fcre verloren gegangen sein, k\u00f6nnen Sie sie sich hier herunterladen:<\/p>\n<p><a href=\"https:\/\/kultus.hessen.de\/infomaterial\/abitur-in-hessen-ein-guter-weg\" target=\"_blank\" rel=\"noopener\">Abitur in Hessen \u2013 Ein guter Weg<\/a><\/p>\n<p>Weitere Informationen zu den KCGOs (Lehrpl\u00e4ne) und den jeweiligen Einf\u00fchrungs- und Durchf\u00fchrungsbestimmungen des Hessischen Landesabiturs erhalten Sie auf den Webseiten des Kultusministeriums.<\/p>\n","protected":false},"excerpt":{"rendered":"<p>Die einj\u00e4hrige E-Phase dient der Kompensation unterschiedlicher Bildungsvoraussetzungen und bereitet auf die Arbeit mit den neuen Aufgabenformaten in den Grund- und Leistungskursen der Qualifikationsphase vor. (Intensivierung der Kurse in Deutsch, Englisch, Chemie mit 1 Wochenstunde und Mathematik mit 2 Wochenstunden<\/p>\n","protected":false},"author":2,"featured_media":0,"parent":0,"menu_order":0,"comment_status":"closed","ping_status":"closed","template":"","meta":{"footnotes":""},"class_list":["post-7958","page","type-page","status-publish","hentry"],"_links":{"self":[{"href":"https:\/\/www.lindenauschule-hu.de\/index.php?rest_route=\/wp\/v2\/pages\/7958","targetHints":{"allow":["GET"]}}],"collection":[{"href":"https:\/\/www.lindenauschule-hu.de\/index.php?rest_route=\/wp\/v2\/pages"}],"about":[{"href":"https:\/\/www.lindenauschule-hu.de\/index.php?rest_route=\/wp\/v2\/types\/page"}],"author":[{"embeddable":true,"href":"https:\/\/www.lindenauschule-hu.de\/index.php?rest_route=\/wp\/v2\/users\/2"}],"replies":[{"embeddable":true,"href":"https:\/\/www.lindenauschule-hu.de\/index.php?rest_route=%2Fwp%2Fv2%2Fcomments&post=7958"}],"version-history":[{"count":1,"href":"https:\/\/www.lindenauschule-hu.de\/index.php?rest_route=\/wp\/v2\/pages\/7958\/revisions"}],"predecessor-version":[{"id":7959,"href":"https:\/\/www.lindenauschule-hu.de\/index.php?rest_route=\/wp\/v2\/pages\/7958\/revisions\/7959"}],"wp:attachment":[{"href":"https:\/\/www.lindenauschule-hu.de\/index.php?rest_route=%2Fwp%2Fv2%2Fmedia&parent=7958"}],"curies":[{"name":"wp","href":"https:\/\/api.w.org\/{rel}","templated":true}]}}