
{"id":7956,"date":"2025-07-16T07:59:47","date_gmt":"2025-07-16T05:59:47","guid":{"rendered":"http:\/\/lindenauschule-hu.de.w02072af.kasserver.com\/?page_id=7956"},"modified":"2025-07-16T08:00:19","modified_gmt":"2025-07-16T06:00:19","slug":"aufnahme","status":"publish","type":"page","link":"https:\/\/www.lindenauschule-hu.de\/?page_id=7956","title":{"rendered":"Aufnahme"},"content":{"rendered":"<p>Mit allen, die sich f\u00fcr den \u00dcbergang an unsere gymnasiale Oberstufe (GOS) interessieren, f\u00fchren wir<strong> individuelle Beratungs- und Informationgespr\u00e4che <\/strong>durch.<\/p>\n<p>Dar\u00fcber hinaus besteht auch die M\u00f6glichkeit, nach Vereinbarung an einem pers\u00f6nlichen <strong>Schnuppertag<\/strong> den Alltag an unserer Schule kennen zu lernen.<\/p>\n<p>Neben unserem \u201eTag der offenen T\u00fcr\u201c, der an einem Samstag Ende November \u00fcber den Zugang an unsere Schule informiert und breite Einblicke in das F\u00e4cherangebot liefert, f\u00fchren wir weitere Informationsabende f\u00fcr Interessierte durch.<\/p>\n<p>Ausdr\u00fccklich m\u00f6chten wir \u2013 zus\u00e4tzlich zum \u00fcblichen \u00dcbergang in die GOS \u2013 auf die M\u00f6glichkeit des <strong>direkten Zugangs in die Q-Phase<\/strong> verweisen (siehe unten!).<\/p>\n<h3><strong>Zulassungsvoraussetzungen<\/strong><\/h3>\n<h4><u>Zugang zur Einf\u00fchrungsphase an der GOS<\/u>:<\/h4>\n<p>Sie besitzen<\/p>\n<ul>\n<li>das Abschlusszeugnis der 9. (G8) oder 10. (G9) Gymnasialklasse mit Versetzungsvermerk (Zulassung zur GOS),<\/li>\n<li>den mittleren qualifizierten Bildungsabschluss bzw.<\/li>\n<li>den mittleren Abschluss mit einer Durchschnittsnote von besser als befriedigend (&lt; 3,0) in den F\u00e4chern Deutsch, Mathematik, erste Fremdsprache und einer Naturwissenschaft sowie in den \u00fcbrigen F\u00e4chern gleichfalls eine Durchschnittsnote von besser als befriedigend (&lt; 3,0),<\/li>\n<li>oder streben diese Abschl\u00fcsse im Laufe des Schuljahres an.<\/li>\n<\/ul>\n<p><img loading=\"lazy\" decoding=\"async\" class=\"size-medium wp-image-277 alignright\" src=\"https:\/\/www.lindenauschule.de\/los\/wp-content\/uploads\/2017\/01\/Grafik01b-300x201.jpg\" sizes=\"auto, (max-width: 300px) 100vw, 300px\" srcset=\"https:\/\/www.lindenauschule.de\/los\/wp-content\/uploads\/2017\/01\/Grafik01b-300x201.jpg 300w, https:\/\/www.lindenauschule.de\/los\/wp-content\/uploads\/2017\/01\/Grafik01b-768x515.jpg 768w, https:\/\/www.lindenauschule.de\/los\/wp-content\/uploads\/2017\/01\/Grafik01b-1024x686.jpg 1024w, https:\/\/www.lindenauschule.de\/los\/wp-content\/uploads\/2017\/01\/Grafik01b-100x67.jpg 100w, https:\/\/www.lindenauschule.de\/los\/wp-content\/uploads\/2017\/01\/Grafik01b-150x101.jpg 150w, https:\/\/www.lindenauschule.de\/los\/wp-content\/uploads\/2017\/01\/Grafik01b-200x134.jpg 200w, https:\/\/www.lindenauschule.de\/los\/wp-content\/uploads\/2017\/01\/Grafik01b-450x302.jpg 450w, https:\/\/www.lindenauschule.de\/los\/wp-content\/uploads\/2017\/01\/Grafik01b-600x402.jpg 600w, https:\/\/www.lindenauschule.de\/los\/wp-content\/uploads\/2017\/01\/Grafik01b-900x603.jpg 900w\" alt=\"grafik01b\" width=\"300\" height=\"201\" \/><u>Aufnahme:<\/u><\/p>\n<p>Sie wollen an unsere Schule wechseln,<br \/>\ndann k\u00f6nnen Sie sich anmelden mit<\/p>\n<ul>\n<li>dem Abschluss- oder Halbjahreszeugnis (ggfs. mit Eignungsempfehlung der Klassenkonferenz) unter Beif\u00fcgung der Jahreszeugnisse ab Jg.5<\/li>\n<li>und dem Formular Aufnahmeantrag Einf\u00fchrungsphase<\/li>\n<\/ul>\n<hr \/>\n<h4><u>Zugang zur Qualifikationsphase an der GOS<\/u>:<\/h4>\n<p>Sie besitzen<\/p>\n<ul>\n<li>das Abschlusszeugnis der 10. (G8) oder 11. (G9) Gymnasialklasse mit Zulassungsvermerk f\u00fcr die Qualifikationsphase,<\/li>\n<li>oder streben diesen Abschluss im Laufe des Schuljahres an.<\/li>\n<\/ul>\n<p><img loading=\"lazy\" decoding=\"async\" class=\" wp-image-278 alignright\" src=\"https:\/\/www.lindenauschule.de\/los\/wp-content\/uploads\/2017\/01\/Grafik03b-293x300.jpg\" sizes=\"auto, (max-width: 142px) 100vw, 142px\" srcset=\"https:\/\/www.lindenauschule.de\/los\/wp-content\/uploads\/2017\/01\/Grafik03b-293x300.jpg 293w, https:\/\/www.lindenauschule.de\/los\/wp-content\/uploads\/2017\/01\/Grafik03b-768x787.jpg 768w, https:\/\/www.lindenauschule.de\/los\/wp-content\/uploads\/2017\/01\/Grafik03b-1000x1024.jpg 1000w, https:\/\/www.lindenauschule.de\/los\/wp-content\/uploads\/2017\/01\/Grafik03b-100x102.jpg 100w, https:\/\/www.lindenauschule.de\/los\/wp-content\/uploads\/2017\/01\/Grafik03b-150x154.jpg 150w, https:\/\/www.lindenauschule.de\/los\/wp-content\/uploads\/2017\/01\/Grafik03b-200x205.jpg 200w, https:\/\/www.lindenauschule.de\/los\/wp-content\/uploads\/2017\/01\/Grafik03b-300x307.jpg 300w, https:\/\/www.lindenauschule.de\/los\/wp-content\/uploads\/2017\/01\/Grafik03b-450x461.jpg 450w, https:\/\/www.lindenauschule.de\/los\/wp-content\/uploads\/2017\/01\/Grafik03b-600x615.jpg 600w, https:\/\/www.lindenauschule.de\/los\/wp-content\/uploads\/2017\/01\/Grafik03b-900x922.jpg 900w\" alt=\"grafik03b\" width=\"142\" height=\"145\" \/><\/p>\n<p><u>Aufnahme:<\/u><\/p>\n<p>Sie wollen an unsere Schule wechseln, dann k\u00f6nnen Sie sich anmelden mit<\/p>\n<ul>\n<li>dem Zulassungs- oder Halbjahreszeugnis unter Beif\u00fcgung der Jahreszeugnisse der Sek I und aller Zeugnisse der E-Phase (10.\/11. Klasse)<\/li>\n<li>und den Formularen Aufnahmeantrag Qualifikationsphase und Kurswahl Qualifikationsphase\n<div id=\"content\" class=\"grid col-620\" role=\"main\">\n<div id=\"post-26\" class=\"post-26 page type-page status-publish hentry\">\n<div class=\"post-entry\">\n<p><img loading=\"lazy\" decoding=\"async\" class=\"alignnone wp-image-280 aligncenter\" src=\"https:\/\/www.lindenauschule.de\/los\/wp-content\/uploads\/2017\/01\/Grafik02b.jpg\" sizes=\"auto, (max-width: 816px) 100vw, 816px\" srcset=\"https:\/\/www.lindenauschule.de\/los\/wp-content\/uploads\/2017\/01\/Grafik02b.jpg 5100w, https:\/\/www.lindenauschule.de\/los\/wp-content\/uploads\/2017\/01\/Grafik02b-218x300.jpg 218w, https:\/\/www.lindenauschule.de\/los\/wp-content\/uploads\/2017\/01\/Grafik02b-768x1056.jpg 768w, https:\/\/www.lindenauschule.de\/los\/wp-content\/uploads\/2017\/01\/Grafik02b-744x1024.jpg 744w, https:\/\/www.lindenauschule.de\/los\/wp-content\/uploads\/2017\/01\/Grafik02b-100x138.jpg 100w, https:\/\/www.lindenauschule.de\/los\/wp-content\/uploads\/2017\/01\/Grafik02b-150x206.jpg 150w, https:\/\/www.lindenauschule.de\/los\/wp-content\/uploads\/2017\/01\/Grafik02b-200x275.jpg 200w, https:\/\/www.lindenauschule.de\/los\/wp-content\/uploads\/2017\/01\/Grafik02b-300x413.jpg 300w, https:\/\/www.lindenauschule.de\/los\/wp-content\/uploads\/2017\/01\/Grafik02b-450x619.jpg 450w, https:\/\/www.lindenauschule.de\/los\/wp-content\/uploads\/2017\/01\/Grafik02b-600x825.jpg 600w, https:\/\/www.lindenauschule.de\/los\/wp-content\/uploads\/2017\/01\/Grafik02b-900x1238.jpg 900w\" alt=\"grafik02b\" width=\"816\" height=\"1123\" \/><\/p>\n<\/div>\n<div class=\"post-edit\"><\/div>\n<\/div>\n<\/div>\n<div id=\"widgets\" class=\"grid col-300 fit\" role=\"complementary\">\n<div id=\"search-2\" class=\"widget-wrapper widget_search\"><\/div>\n<\/div>\n<\/li>\n<\/ul>\n","protected":false},"excerpt":{"rendered":"<p>Mit allen, die sich f\u00fcr den \u00dcbergang an unsere gymnasiale Oberstufe (GOS) interessieren, f\u00fchren wir individuelle Beratungs- und Informationgespr\u00e4che durch. Dar\u00fcber hinaus besteht auch die M\u00f6glichkeit, nach Vereinbarung an einem pers\u00f6nlichen Schnuppertag den Alltag an unserer Schule kennen zu lernen.<\/p>\n","protected":false},"author":2,"featured_media":0,"parent":0,"menu_order":0,"comment_status":"closed","ping_status":"closed","template":"","meta":{"footnotes":""},"class_list":["post-7956","page","type-page","status-publish","hentry"],"_links":{"self":[{"href":"https:\/\/www.lindenauschule-hu.de\/index.php?rest_route=\/wp\/v2\/pages\/7956","targetHints":{"allow":["GET"]}}],"collection":[{"href":"https:\/\/www.lindenauschule-hu.de\/index.php?rest_route=\/wp\/v2\/pages"}],"about":[{"href":"https:\/\/www.lindenauschule-hu.de\/index.php?rest_route=\/wp\/v2\/types\/page"}],"author":[{"embeddable":true,"href":"https:\/\/www.lindenauschule-hu.de\/index.php?rest_route=\/wp\/v2\/users\/2"}],"replies":[{"embeddable":true,"href":"https:\/\/www.lindenauschule-hu.de\/index.php?rest_route=%2Fwp%2Fv2%2Fcomments&post=7956"}],"version-history":[{"count":1,"href":"https:\/\/www.lindenauschule-hu.de\/index.php?rest_route=\/wp\/v2\/pages\/7956\/revisions"}],"predecessor-version":[{"id":7957,"href":"https:\/\/www.lindenauschule-hu.de\/index.php?rest_route=\/wp\/v2\/pages\/7956\/revisions\/7957"}],"wp:attachment":[{"href":"https:\/\/www.lindenauschule-hu.de\/index.php?rest_route=%2Fwp%2Fv2%2Fmedia&parent=7956"}],"curies":[{"name":"wp","href":"https:\/\/api.w.org\/{rel}","templated":true}]}}