
{"id":581,"date":"2017-10-12T08:38:42","date_gmt":"2017-10-12T06:38:42","guid":{"rendered":"http:\/\/www2.lindenauschule.de\/?page_id=581"},"modified":"2023-10-16T13:08:44","modified_gmt":"2023-10-16T11:08:44","slug":"sekretariat","status":"publish","type":"page","link":"https:\/\/www.lindenauschule-hu.de\/?page_id=581","title":{"rendered":"Sekretariat"},"content":{"rendered":"<div data-canvas-width=\"461.20703999999995\">\n<h2>\u00d6ffnungszeiten des Sekretariats<\/h2>\n<p>&nbsp;<\/p>\n<\/div>\n<table class=\" htmtableborders\" width=\"501\" cellpadding=\"5\">\n<tbody>\n<tr>\n<td style=\"width: 36.1111%;\" rowspan=\"1\" align=\"top\">Montag bis Donnerstag:<\/td>\n<td style=\"width: 126.646%;\" rowspan=\"1\" align=\"top\">07:30 Uhr bis 16:00 Uhr<\/p>\n<p>(Mittagspause von 12:00 Uhr &#8211; 12:45 Uhr )<\/td>\n<\/tr>\n<tr>\n<td style=\"width: 36.1111%;\" rowspan=\"1\" align=\"top\">Freitag:<\/td>\n<td style=\"width: 126.646%;\" rowspan=\"1\" align=\"top\">07:30 Uhr bis 14:00 Uhr<\/td>\n<\/tr>\n<tr>\n<td style=\"width: 36.1111%;\" rowspan=\"1\" align=\"top\">Kontakt:<\/td>\n<td style=\"width: 126.646%;\" rowspan=\"1\" align=\"top\">Rue de Conflans 4<\/p>\n<p>63457 Hanau<\/td>\n<\/tr>\n<tr>\n<td style=\"width: 36.1111%;\" align=\"top\">Telefon:<\/p>\n<p>Telefax:<\/p>\n<p>E-Mail<\/td>\n<td style=\"width: 126.646%;\" align=\"top\">0 61 81 \/ 95 14 30<\/p>\n<p>0 61 81 \/ 95 14 344<\/p>\n<p>sekretariat@ls-hu.de<\/td>\n<\/tr>\n<\/tbody>\n<\/table>\n<p>F\u00fcr die Sch\u00fclerinnen und Sch\u00fcler ist das Sekretariat NUR IN DEN PAUSEN und in der 7. Stunde ge\u00f6ffnet.<\/p>\n<p>Au\u00dferhalb der Pausen und der 7. Stunde ist das Sekretariat nur f\u00fcr Notf\u00e4lle ge\u00f6ffnet!!!<\/p>\n<p>(\u00c4nderungen vorbehalten. Stand 01.02.17)<\/p>\n<p><strong>Mitarbeiterinnen des Sekretariats<\/strong><\/p>\n<p>Das Sekretariat ist h\u00e4ufig die erste Anlaufstelle f\u00fcr Fragen rund um die Lindenauschule. In unserem Sekretariat begr\u00fc\u00dfen Sie\/Dich unsere freundlichen Mitarbeiterinnen und helfen Ihnen\/Dir w\u00e4hrend den unten angegebenen \u00d6ffnungszeiten gerne weiter.<\/p>\n<table cellpadding=\"5\">\n<tbody>\n<tr>\n<td style=\"vertical-align: middle;\">Anne Frommann<\/td>\n<td><img loading=\"lazy\" decoding=\"async\" class=\"alignleft wp-image-1100 size-medium\" src=\"https:\/\/www.lindenauschule.de\/wp-content\/uploads\/2018\/08\/Fromann-204x300.jpg\" alt=\"\" width=\"204\" height=\"300\" srcset=\"https:\/\/www.lindenauschule-hu.de\/wp-content\/uploads\/2018\/08\/Fromann-204x300.jpg 204w, https:\/\/www.lindenauschule-hu.de\/wp-content\/uploads\/2018\/08\/Fromann-768x1127.jpg 768w, https:\/\/www.lindenauschule-hu.de\/wp-content\/uploads\/2018\/08\/Fromann-698x1024.jpg 698w, https:\/\/www.lindenauschule-hu.de\/wp-content\/uploads\/2018\/08\/Fromann.jpg 1006w\" sizes=\"auto, (max-width: 204px) 100vw, 204px\" \/><\/td>\n<\/tr>\n<tr>\n<td>Jasmina Klajic<\/td>\n<td><\/td>\n<\/tr>\n<tr>\n<td>Anita Maroschan<\/td>\n<td><img loading=\"lazy\" decoding=\"async\" class=\"alignnone  wp-image-6120\" src=\"https:\/\/www.lindenauschule.de\/wp-content\/uploads\/2023\/10\/DSC_0286.jpg\" alt=\"\" width=\"205\" height=\"329\" srcset=\"https:\/\/www.lindenauschule-hu.de\/wp-content\/uploads\/2023\/10\/DSC_0286.jpg 1189w, https:\/\/www.lindenauschule-hu.de\/wp-content\/uploads\/2023\/10\/DSC_0286-187x300.jpg 187w, https:\/\/www.lindenauschule-hu.de\/wp-content\/uploads\/2023\/10\/DSC_0286-638x1024.jpg 638w, https:\/\/www.lindenauschule-hu.de\/wp-content\/uploads\/2023\/10\/DSC_0286-768x1232.jpg 768w, https:\/\/www.lindenauschule-hu.de\/wp-content\/uploads\/2023\/10\/DSC_0286-957x1536.jpg 957w\" sizes=\"auto, (max-width: 205px) 100vw, 205px\" \/><\/td>\n<\/tr>\n<\/tbody>\n<\/table>\n","protected":false},"excerpt":{"rendered":"<p>\u00d6ffnungszeiten des Sekretariats &nbsp; Montag bis Donnerstag: 07:30 Uhr bis 16:00 Uhr (Mittagspause von 12:00 Uhr &#8211; 12:45 Uhr ) Freitag: 07:30 Uhr bis 14:00 Uhr Kontakt: Rue de Conflans 4 63457 Hanau Telefon: Telefax: E-Mail 0 61 81 \/<\/p>\n","protected":false},"author":2,"featured_media":0,"parent":0,"menu_order":0,"comment_status":"closed","ping_status":"closed","template":"","meta":{"footnotes":""},"class_list":["post-581","page","type-page","status-publish","hentry"],"_links":{"self":[{"href":"https:\/\/www.lindenauschule-hu.de\/index.php?rest_route=\/wp\/v2\/pages\/581","targetHints":{"allow":["GET"]}}],"collection":[{"href":"https:\/\/www.lindenauschule-hu.de\/index.php?rest_route=\/wp\/v2\/pages"}],"about":[{"href":"https:\/\/www.lindenauschule-hu.de\/index.php?rest_route=\/wp\/v2\/types\/page"}],"author":[{"embeddable":true,"href":"https:\/\/www.lindenauschule-hu.de\/index.php?rest_route=\/wp\/v2\/users\/2"}],"replies":[{"embeddable":true,"href":"https:\/\/www.lindenauschule-hu.de\/index.php?rest_route=%2Fwp%2Fv2%2Fcomments&post=581"}],"version-history":[{"count":43,"href":"https:\/\/www.lindenauschule-hu.de\/index.php?rest_route=\/wp\/v2\/pages\/581\/revisions"}],"predecessor-version":[{"id":6121,"href":"https:\/\/www.lindenauschule-hu.de\/index.php?rest_route=\/wp\/v2\/pages\/581\/revisions\/6121"}],"wp:attachment":[{"href":"https:\/\/www.lindenauschule-hu.de\/index.php?rest_route=%2Fwp%2Fv2%2Fmedia&parent=581"}],"curies":[{"name":"wp","href":"https:\/\/api.w.org\/{rel}","templated":true}]}}