
{"id":5033,"date":"2022-03-29T10:05:22","date_gmt":"2022-03-29T08:05:22","guid":{"rendered":"https:\/\/www.lindenauschule.de\/?page_id=5033"},"modified":"2025-03-17T11:27:41","modified_gmt":"2025-03-17T10:27:41","slug":"die-verbindungslehrkraefte-im-schuljahr-2021-22-und-2022-23","status":"publish","type":"page","link":"https:\/\/www.lindenauschule-hu.de\/?page_id=5033","title":{"rendered":"Die Verbindungslehrkr\u00e4fte im Schuljahr 2024\/2025"},"content":{"rendered":"<h3>Was macht eigentlich eine Verbindungslehrkraft?<\/h3>\n<p>Ob Verbindungslehrkraft oder Vertrauenslehrkraft \u2013 unsere Aufgabe ist dieselbe. Wir sind f\u00fcr euch Sch\u00fcler\/innen die Ansprechpartner\/innen, wenn es Probleme mit Lehrer\/innen oder Mitsch\u00fcler\/innen gibt oder wenn ihr Fragen zum Unterricht habt.<\/p>\n<p>Wir sind eng mit der SV verbunden und stehen den Schulsprecher\/innen mit Rat und manchmal auch Tat zur Seite.<\/p>\n<p>Zudem k\u00f6nnen wir den SV-Sitzungen beiwohnen und euch bei der ein oder anderen Entscheidung einen Rat mit auf den Weg geben. Das kann manchmal sehr hilfreich sein, da wir unsere Lehrerkolleg\/innen sehr gut kennen und ihr somit unn\u00f6tigen \u00c4rger vermeiden k\u00f6nnen.<\/p>\n<h3>Aufgaben<\/h3>\n<ul>\n<li>die Schulsprecher\/innen und die SV mit Rat und Tat unterst\u00fctzen<\/li>\n<li>darauf achten, dass die SV-Arbeit kontinuierlich fortgesetzt werden kann<\/li>\n<li>bei den SV-Sitzungen anwesend sein<\/li>\n<li>sich regelm\u00e4\u00dfig mit dem\/der Schulsprecher\/innen treffen<\/li>\n<li>bei der ein oder anderen Aktion auch mal die Aufsicht \u00fcbernehmen oder zumindest helfen Aufsichten zu finden<\/li>\n<li>allen SVlern beratend zur Seite stehen (z.B. den Schulsprecher\/innen bei Sitzungvorbereitungen, der Protokollant\/in bei der Anfertigung eines Protokolls oder dem Kassenwart bei Finanzfragen)<\/li>\n<li>\u00fcber alle Veranstaltungen der SV und deren Stand informiert werden<\/li>\n<li>die SV bei der Planung, Genehmigung und Organisation von Aktionen und Projekten unterst\u00fctzen<\/li>\n<li>die Vorbereitung und Durchf\u00fchrung der Wahlen der Schulsprecher\/in unterst\u00fctzen<\/li>\n<li>Sch\u00fcler\/innen bei einzelnen Problemen beraten und Hilfestellung geben<\/li>\n<li>in Konfliktf\u00e4llen vermitteln<\/li>\n<li>in bestimmen F\u00e4llen (z. B. Drogenf\u00e4llen) ihre Schweigepflicht einhalten<\/li>\n<\/ul>\n<p>Quelle (leicht ge\u00e4ndert): <a href=\"https:\/\/svtipps.de\/struktur\/verbindungslehrer\/\">https:\/\/svtipps.de\/struktur\/verbindungslehrer\/<\/a> (Zugriff 07.02.22).<\/p>\n","protected":false},"excerpt":{"rendered":"<p>Was macht eigentlich eine Verbindungslehrkraft? Ob Verbindungslehrkraft oder Vertrauenslehrkraft \u2013 unsere Aufgabe ist dieselbe. Wir sind f\u00fcr euch Sch\u00fcler\/innen die Ansprechpartner\/innen, wenn es Probleme mit Lehrer\/innen oder Mitsch\u00fcler\/innen gibt oder wenn ihr Fragen zum Unterricht habt. Wir sind eng mit<\/p>\n","protected":false},"author":2,"featured_media":0,"parent":0,"menu_order":0,"comment_status":"closed","ping_status":"closed","template":"","meta":{"footnotes":""},"class_list":["post-5033","page","type-page","status-publish","hentry"],"_links":{"self":[{"href":"https:\/\/www.lindenauschule-hu.de\/index.php?rest_route=\/wp\/v2\/pages\/5033","targetHints":{"allow":["GET"]}}],"collection":[{"href":"https:\/\/www.lindenauschule-hu.de\/index.php?rest_route=\/wp\/v2\/pages"}],"about":[{"href":"https:\/\/www.lindenauschule-hu.de\/index.php?rest_route=\/wp\/v2\/types\/page"}],"author":[{"embeddable":true,"href":"https:\/\/www.lindenauschule-hu.de\/index.php?rest_route=\/wp\/v2\/users\/2"}],"replies":[{"embeddable":true,"href":"https:\/\/www.lindenauschule-hu.de\/index.php?rest_route=%2Fwp%2Fv2%2Fcomments&post=5033"}],"version-history":[{"count":2,"href":"https:\/\/www.lindenauschule-hu.de\/index.php?rest_route=\/wp\/v2\/pages\/5033\/revisions"}],"predecessor-version":[{"id":7720,"href":"https:\/\/www.lindenauschule-hu.de\/index.php?rest_route=\/wp\/v2\/pages\/5033\/revisions\/7720"}],"wp:attachment":[{"href":"https:\/\/www.lindenauschule-hu.de\/index.php?rest_route=%2Fwp%2Fv2%2Fmedia&parent=5033"}],"curies":[{"name":"wp","href":"https:\/\/api.w.org\/{rel}","templated":true}]}}