
{"id":453,"date":"2017-08-07T14:12:41","date_gmt":"2017-08-07T12:12:41","guid":{"rendered":"http:\/\/www2.lindenauschule.de\/?page_id=453"},"modified":"2024-02-22T11:44:27","modified_gmt":"2024-02-22T10:44:27","slug":"ganztagsbetreuung","status":"publish","type":"page","link":"https:\/\/www.lindenauschule-hu.de\/?page_id=453","title":{"rendered":"Ganztagsbetreuung"},"content":{"rendered":"<p>Die Lindenauschule bietet seit dem Schuljahr 2012\/13 eine Ganztagsbetreuung f\u00fcr die Sch\u00fcler der Jahrgangsstufen 5 \u2013 7 an.<\/p>\n<p>Die Betreuungszeit startet in der Regel nach der Mittagspause ab 13.15 Uhr, je nach Schulschluss des Kindes. Die Wochentage und Endzeiten k\u00f6nnen variabel bis 16 Uhr gew\u00e4hlt werden.<\/p>\n<p>Nach der Mittagspause ist Lernzeit. In dieser Zeit erledigen die Kinder ihre Hausaufgaben, bei denen wir gerne, soweit als m\u00f6glich, mit Rat und Tat zur Seite stehen. Aufgaben, die nicht in der Schule geschafft werden, m\u00fcssen zu Hause beendet werden. Grundvoraussetzung zur \u00dcberpr\u00fcfung der Hausaufgaben ist der Schuljahresplaner, der klassenweise angeschafft wird und von Ihrem Kind zuverl\u00e4ssig gef\u00fchrt werden sollte. Die Eltern bleiben, auch wenn das Kind an der Ganztagsbetreuung teilnimmt, in der Pflicht der Kontrolle.<\/p>\n<p>Die Betreuung wird im Rahmen des Gesamtbetreuungskonzeptes vom F\u00f6rderverein organisiert. Den Kindern stehen die Betreuungsleiter_innen als Ansprechpartner zur Verf\u00fcgung. \u00c4ltere Sch\u00fclerinnen und Sch\u00fcler komplettieren das Betreuungsteam.<\/p>\n<p>Nach der Lernzeit haben die Kinder die M\u00f6glichkeit an den AGs (Arbeitsgemeinschaften) teilzunehmen. Eine Anmeldung zum Schuljahresanfang ist erw\u00fcnscht, in Ausnahmef\u00e4llen ist jedoch auch eine sp\u00e4tere Teilnahme oder Wechsel m\u00f6glich. Unser AG-Angebot wird kontinuierlich erweitert und beinhaltet unter anderem: eine LEGO-Mint-AG, Fahrrad-AG, Gitarren-AG, Cajon-AG, Garten-AG, Holz-AG, N\u00e4h-AG, Bienen-AG, Kunst-AG uvm.<\/p>\n<p>Unser Betreuungskonzept schafft Strukturen, innerhalb deren Grenzen die Kinder sich bewegen k\u00f6nnen. Hiermit sind sowohl soziale Strukturen, wie Zuordnung zur Gruppe und Gruppenregeln, als auch zeitliche Strukturen, die zum Beispiel durch die Festlegung bestimmter Tagesabl\u00e4ufe entstehen gemeint.<\/p>\n<p>Eine Anmeldung zur Ganztagsbetreuung ist, insofern noch freie Pl\u00e4tze vorhanden sind, jederzeit m\u00f6glich.<\/p>\n<div class='w3eden'><!-- WPDM Link Template: Default Template -->\n\n<div class=\"link-template-default card mb-2\">\n    <div class=\"card-body\">\n        <div class=\"media\">\n            <div class=\"mr-3 img-48\"><img decoding=\"async\" class=\"wpdm_icon\" alt=\"Icon\"   src=\"https:\/\/www.lindenauschule.de\/wp-content\/plugins\/download-manager\/assets\/file-type-icons\/pdf.png\" \/><\/div>\n            <div class=\"media-body\">\n                <h3 class=\"package-title\"><a href='https:\/\/www.lindenauschule-hu.de\/?wpdmpro=anmeldung-zur-ganztagsbetreuung-der-lindenauschule-im-schuljahr-2022-23'>Anmeldung zur Ganztagsbetreuung der Lindenauschule im Schuljahr 2022\/23<\/a><\/h3>\n                <div class=\"text-muted text-small\"><i class=\"fas fa-copy\"><\/i> 1 Datei(en) <i class=\"fas fa-hdd ml-3\"><\/i> 153.30 KB<\/div>\n            <\/div>\n            <div class=\"ml-3\">\n                <a class='wpdm-download-link download-on-click btn btn-primary ' rel='nofollow' href='#' data-downloadurl=\"https:\/\/www.lindenauschule-hu.de\/?wpdmpro=anmeldung-zur-ganztagsbetreuung-der-lindenauschule-im-schuljahr-2022-23&wpdmdl=5165&refresh=6a0594ca156fb1778750666\">Download<\/a>\n            <\/div>\n        <\/div>\n    <\/div>\n<\/div>\n\n<\/div>\n<p>Ganztagsbetreuung Lindenauschule<\/p>\n<table style=\"border-collapse: collapse; width: 100%;\">\n<tbody>\n<tr>\n<td style=\"width: 50%;\">Bettina Seibert (Betreuerin)<\/td>\n<td style=\"width: 50%;\"><img loading=\"lazy\" decoding=\"async\" class=\"alignnone size-full wp-image-4898\" src=\"https:\/\/www.lindenauschule.de\/wp-content\/uploads\/2022\/02\/Markus-Schwinn.jpg\" alt=\"\" width=\"1000\" height=\"1438\" srcset=\"https:\/\/www.lindenauschule-hu.de\/wp-content\/uploads\/2022\/02\/Markus-Schwinn.jpg 1000w, https:\/\/www.lindenauschule-hu.de\/wp-content\/uploads\/2022\/02\/Markus-Schwinn-209x300.jpg 209w, https:\/\/www.lindenauschule-hu.de\/wp-content\/uploads\/2022\/02\/Markus-Schwinn-712x1024.jpg 712w, https:\/\/www.lindenauschule-hu.de\/wp-content\/uploads\/2022\/02\/Markus-Schwinn-768x1104.jpg 768w\" sizes=\"auto, (max-width: 1000px) 100vw, 1000px\" \/><\/p>\n<p>Markus Schwinn (Betreuer)<\/td>\n<\/tr>\n<tr>\n<td style=\"width: 50%;\"><img loading=\"lazy\" decoding=\"async\" class=\"alignnone size-full wp-image-4899\" src=\"https:\/\/www.lindenauschule.de\/wp-content\/uploads\/2022\/02\/Lisa-Berganzke.jpg\" alt=\"\" width=\"1000\" height=\"1438\" srcset=\"https:\/\/www.lindenauschule-hu.de\/wp-content\/uploads\/2022\/02\/Lisa-Berganzke.jpg 1000w, https:\/\/www.lindenauschule-hu.de\/wp-content\/uploads\/2022\/02\/Lisa-Berganzke-209x300.jpg 209w, https:\/\/www.lindenauschule-hu.de\/wp-content\/uploads\/2022\/02\/Lisa-Berganzke-712x1024.jpg 712w, https:\/\/www.lindenauschule-hu.de\/wp-content\/uploads\/2022\/02\/Lisa-Berganzke-768x1104.jpg 768w\" sizes=\"auto, (max-width: 1000px) 100vw, 1000px\" \/><\/p>\n<p>Lisa Berganske (Sozialp\u00e4dagogin)<\/td>\n<td style=\"width: 50%;\"><\/td>\n<\/tr>\n<\/tbody>\n<\/table>\n<p>Telefon: 06181-9514364<\/p>\n<p>eMail: GTB@ls-hu<\/p>\n<p class=\"ox-d8e6c69bf7-MsoNormal\">\n","protected":false},"excerpt":{"rendered":"<p>Die Lindenauschule bietet seit dem Schuljahr 2012\/13 eine Ganztagsbetreuung f\u00fcr die Sch\u00fcler der Jahrgangsstufen 5 \u2013 7 an. Die Betreuungszeit startet in der Regel nach der Mittagspause ab 13.15 Uhr, je nach Schulschluss des Kindes. Die Wochentage und Endzeiten k\u00f6nnen<\/p>\n","protected":false},"author":2,"featured_media":0,"parent":0,"menu_order":0,"comment_status":"closed","ping_status":"closed","template":"","meta":{"footnotes":""},"class_list":["post-453","page","type-page","status-publish","hentry"],"_links":{"self":[{"href":"https:\/\/www.lindenauschule-hu.de\/index.php?rest_route=\/wp\/v2\/pages\/453","targetHints":{"allow":["GET"]}}],"collection":[{"href":"https:\/\/www.lindenauschule-hu.de\/index.php?rest_route=\/wp\/v2\/pages"}],"about":[{"href":"https:\/\/www.lindenauschule-hu.de\/index.php?rest_route=\/wp\/v2\/types\/page"}],"author":[{"embeddable":true,"href":"https:\/\/www.lindenauschule-hu.de\/index.php?rest_route=\/wp\/v2\/users\/2"}],"replies":[{"embeddable":true,"href":"https:\/\/www.lindenauschule-hu.de\/index.php?rest_route=%2Fwp%2Fv2%2Fcomments&post=453"}],"version-history":[{"count":9,"href":"https:\/\/www.lindenauschule-hu.de\/index.php?rest_route=\/wp\/v2\/pages\/453\/revisions"}],"predecessor-version":[{"id":6320,"href":"https:\/\/www.lindenauschule-hu.de\/index.php?rest_route=\/wp\/v2\/pages\/453\/revisions\/6320"}],"wp:attachment":[{"href":"https:\/\/www.lindenauschule-hu.de\/index.php?rest_route=%2Fwp%2Fv2%2Fmedia&parent=453"}],"curies":[{"name":"wp","href":"https:\/\/api.w.org\/{rel}","templated":true}]}}