
{"id":4418,"date":"2021-11-15T16:21:27","date_gmt":"2021-11-15T15:21:27","guid":{"rendered":"https:\/\/www.lindenauschule.de\/?page_id=4418"},"modified":"2024-09-23T14:30:51","modified_gmt":"2024-09-23T12:30:51","slug":"verkehrslotsendienst-an-der-lindenauschule","status":"publish","type":"page","link":"https:\/\/www.lindenauschule-hu.de\/?page_id=4418","title":{"rendered":"Verkehrslotsendienst an der Lindenauschule"},"content":{"rendered":"<p>Die Lindenauschule geht mit gutem Beispiel voran. Als zweite Schule im gesamten Main-Kinzig-Kreis setzt die Integrierte Gesamtschule mit gymnasialer Oberstufe in Hanau-Gro\u00dfauheim ab sofort Sch\u00fclerlotsinnen und -lotsen zur Sicherung des Schulweges ein.<\/p>\n<p>Los ging es am Dienstag, dem 02. November 2021. Ausgestattet mit Sicherheitskleidung und Winkerkelle nahmen die Verkehrshelferinnen und \u2013helfer unmittelbar vor der Schule sowie an der Ampelanlage in der N\u00e4he der Schule (Neuwirtsh\u00e4user Stra\u00dfe \/ Ecke Rue de Conflans) erstmalig ihren verantwortungsvollen Dienst wahr.<\/p>\n<p>In den vergangenen Wochen haben die insgesamt 14 Sch\u00fclerinnen und Sch\u00fcler auf freiwilliger Basis das notwendige Ausbildungsprogramm bei der Jugendverkehrsschule des Polizeipr\u00e4sidiums S\u00fcdosthessen erfolgreich absolviert. Sowohl theoretisch als auch praktisch wurden die Sch\u00fclerlotsinnen und -lotsen hier f\u00fcr ihre T\u00e4tigkeit fit gemacht. Ein besonderer Dank gilt an dieser Stelle der Leiterin der Jugendverkehrsschule, Frau Stefanie Szigat.<\/p>\n<p>Gefragt zu ihrer Motivation, antworteten die Jugendlichen aus der 8. Jahrgangsstufe, dass es Spa\u00df mache, anderen zu helfen. Es sei ihnen wichtig, Kinder und Jugendliche zu sch\u00fctzen und daf\u00fcr zu sorgen, dass ihnen im Stra\u00dfenverkehr nichts passiere.<\/p>\n<div id='gallery-1' class='gallery galleryid-4418 gallery-columns-3 gallery-size-medium'><figure class='gallery-item'>\n\t\t\t<div class='gallery-icon landscape'>\n\t\t\t\t<a href='https:\/\/www.lindenauschule-hu.de\/wp-content\/uploads\/2021\/11\/SL3-scaled.jpg'><img loading=\"lazy\" decoding=\"async\" width=\"300\" height=\"200\" src=\"https:\/\/www.lindenauschule-hu.de\/wp-content\/uploads\/2021\/11\/SL3-300x200.jpg\" class=\"attachment-medium size-medium\" alt=\"\" srcset=\"https:\/\/www.lindenauschule-hu.de\/wp-content\/uploads\/2021\/11\/SL3-300x200.jpg 300w, https:\/\/www.lindenauschule-hu.de\/wp-content\/uploads\/2021\/11\/SL3-1024x683.jpg 1024w, https:\/\/www.lindenauschule-hu.de\/wp-content\/uploads\/2021\/11\/SL3-768x512.jpg 768w, https:\/\/www.lindenauschule-hu.de\/wp-content\/uploads\/2021\/11\/SL3-1536x1024.jpg 1536w, https:\/\/www.lindenauschule-hu.de\/wp-content\/uploads\/2021\/11\/SL3-2048x1365.jpg 2048w\" sizes=\"auto, (max-width: 300px) 100vw, 300px\" \/><\/a>\n\t\t\t<\/div><\/figure><figure class='gallery-item'>\n\t\t\t<div class='gallery-icon landscape'>\n\t\t\t\t<a href='https:\/\/www.lindenauschule-hu.de\/wp-content\/uploads\/2021\/11\/SL4-scaled.jpg'><img loading=\"lazy\" decoding=\"async\" width=\"300\" height=\"200\" src=\"https:\/\/www.lindenauschule-hu.de\/wp-content\/uploads\/2021\/11\/SL4-300x200.jpg\" class=\"attachment-medium size-medium\" alt=\"\" srcset=\"https:\/\/www.lindenauschule-hu.de\/wp-content\/uploads\/2021\/11\/SL4-300x200.jpg 300w, https:\/\/www.lindenauschule-hu.de\/wp-content\/uploads\/2021\/11\/SL4-1024x683.jpg 1024w, https:\/\/www.lindenauschule-hu.de\/wp-content\/uploads\/2021\/11\/SL4-768x512.jpg 768w, https:\/\/www.lindenauschule-hu.de\/wp-content\/uploads\/2021\/11\/SL4-1536x1024.jpg 1536w, https:\/\/www.lindenauschule-hu.de\/wp-content\/uploads\/2021\/11\/SL4-2048x1365.jpg 2048w\" sizes=\"auto, (max-width: 300px) 100vw, 300px\" \/><\/a>\n\t\t\t<\/div><\/figure><figure class='gallery-item'>\n\t\t\t<div class='gallery-icon landscape'>\n\t\t\t\t<a href='https:\/\/www.lindenauschule-hu.de\/wp-content\/uploads\/2021\/11\/SL5-scaled.jpg'><img loading=\"lazy\" decoding=\"async\" width=\"300\" height=\"200\" src=\"https:\/\/www.lindenauschule-hu.de\/wp-content\/uploads\/2021\/11\/SL5-300x200.jpg\" class=\"attachment-medium size-medium\" alt=\"\" srcset=\"https:\/\/www.lindenauschule-hu.de\/wp-content\/uploads\/2021\/11\/SL5-300x200.jpg 300w, https:\/\/www.lindenauschule-hu.de\/wp-content\/uploads\/2021\/11\/SL5-1024x683.jpg 1024w, https:\/\/www.lindenauschule-hu.de\/wp-content\/uploads\/2021\/11\/SL5-768x512.jpg 768w, https:\/\/www.lindenauschule-hu.de\/wp-content\/uploads\/2021\/11\/SL5-1536x1024.jpg 1536w, https:\/\/www.lindenauschule-hu.de\/wp-content\/uploads\/2021\/11\/SL5-2048x1365.jpg 2048w\" sizes=\"auto, (max-width: 300px) 100vw, 300px\" \/><\/a>\n\t\t\t<\/div><\/figure><figure class='gallery-item'>\n\t\t\t<div class='gallery-icon landscape'>\n\t\t\t\t<a href='https:\/\/www.lindenauschule-hu.de\/wp-content\/uploads\/2021\/11\/SL1-scaled.jpg'><img loading=\"lazy\" decoding=\"async\" width=\"300\" height=\"200\" src=\"https:\/\/www.lindenauschule-hu.de\/wp-content\/uploads\/2021\/11\/SL1-300x200.jpg\" class=\"attachment-medium size-medium\" alt=\"\" srcset=\"https:\/\/www.lindenauschule-hu.de\/wp-content\/uploads\/2021\/11\/SL1-300x200.jpg 300w, https:\/\/www.lindenauschule-hu.de\/wp-content\/uploads\/2021\/11\/SL1-1024x683.jpg 1024w, https:\/\/www.lindenauschule-hu.de\/wp-content\/uploads\/2021\/11\/SL1-768x512.jpg 768w, https:\/\/www.lindenauschule-hu.de\/wp-content\/uploads\/2021\/11\/SL1-1536x1024.jpg 1536w, https:\/\/www.lindenauschule-hu.de\/wp-content\/uploads\/2021\/11\/SL1-2048x1365.jpg 2048w\" sizes=\"auto, (max-width: 300px) 100vw, 300px\" \/><\/a>\n\t\t\t<\/div><\/figure><figure class='gallery-item'>\n\t\t\t<div class='gallery-icon landscape'>\n\t\t\t\t<a href='https:\/\/www.lindenauschule-hu.de\/wp-content\/uploads\/2021\/11\/SL2-scaled.jpg'><img loading=\"lazy\" decoding=\"async\" width=\"300\" height=\"200\" src=\"https:\/\/www.lindenauschule-hu.de\/wp-content\/uploads\/2021\/11\/SL2-300x200.jpg\" class=\"attachment-medium size-medium\" alt=\"\" srcset=\"https:\/\/www.lindenauschule-hu.de\/wp-content\/uploads\/2021\/11\/SL2-300x200.jpg 300w, https:\/\/www.lindenauschule-hu.de\/wp-content\/uploads\/2021\/11\/SL2-1024x683.jpg 1024w, https:\/\/www.lindenauschule-hu.de\/wp-content\/uploads\/2021\/11\/SL2-768x512.jpg 768w, https:\/\/www.lindenauschule-hu.de\/wp-content\/uploads\/2021\/11\/SL2-1536x1024.jpg 1536w, https:\/\/www.lindenauschule-hu.de\/wp-content\/uploads\/2021\/11\/SL2-2048x1365.jpg 2048w\" sizes=\"auto, (max-width: 300px) 100vw, 300px\" \/><\/a>\n\t\t\t<\/div><\/figure><figure class='gallery-item'>\n\t\t\t<div class='gallery-icon landscape'>\n\t\t\t\t<a href='https:\/\/www.lindenauschule-hu.de\/wp-content\/uploads\/2023\/11\/Schuelerlotsen-2023-scaled.jpeg'><img loading=\"lazy\" decoding=\"async\" width=\"300\" height=\"151\" src=\"https:\/\/www.lindenauschule-hu.de\/wp-content\/uploads\/2023\/11\/Schuelerlotsen-2023-300x151.jpeg\" class=\"attachment-medium size-medium\" alt=\"\" srcset=\"https:\/\/www.lindenauschule-hu.de\/wp-content\/uploads\/2023\/11\/Schuelerlotsen-2023-300x151.jpeg 300w, https:\/\/www.lindenauschule-hu.de\/wp-content\/uploads\/2023\/11\/Schuelerlotsen-2023-1024x515.jpeg 1024w, https:\/\/www.lindenauschule-hu.de\/wp-content\/uploads\/2023\/11\/Schuelerlotsen-2023-768x386.jpeg 768w, https:\/\/www.lindenauschule-hu.de\/wp-content\/uploads\/2023\/11\/Schuelerlotsen-2023-1536x772.jpeg 1536w, https:\/\/www.lindenauschule-hu.de\/wp-content\/uploads\/2023\/11\/Schuelerlotsen-2023-2048x1029.jpeg 2048w\" sizes=\"auto, (max-width: 300px) 100vw, 300px\" \/><\/a>\n\t\t\t<\/div><\/figure>\n\t\t<\/div>\n\n<h2>Fragen rund um den Verkehrslotsendienst an der Lindenauschule\u2026<\/h2>\n<ul>\n<li><strong>Wer kann sich zum Verkehrslotsendienst melden?<\/strong> Sch\u00fclerinnen und Sch\u00fcler der Jahrgangstufe 8.<\/li>\n<li><strong>Was lernen die Verkehrslotsen*innen?<\/strong> Verkehrsregeln, Verkehrszeichen, Gefahrensituationen, Umgang mit Sch\u00fcler*innen, u.a.<\/li>\n<li><strong>Ausstattung:<\/strong> Winkerkelle und Weste \/ Jacke von der Verkehrswacht<\/li>\n<li><strong>Kommunikation:<\/strong> \u00dcber soziale Medien tauschen sich die Sch\u00fcler*innen \u00fcber Dienste, Vorkommnisse und Probleme mit den Lehrkr\u00e4ften und ihren Mitsch\u00fcler*innen aus.<\/li>\n<li><strong>Was braucht man zum Sch\u00fclerlotsen*in?:<\/strong> Ausbildung mit Pr\u00fcfung (meist nach den Sommerferien), Einverst\u00e4ndnis der Eltern, Zuverl\u00e4ssigkeit, Geduld, Ausdauer, \u00dcberblick<\/li>\n<li><strong>Wie oft macht man Dienst? <\/strong>Meist 1- 2 Mal die Woche ein ganzes Schuljahr lang<\/li>\n<li><strong>Was bekommt man als Sch\u00fclerlotse?<\/strong> Eintrag im Zeugnis am Ende des Schuljahres, Urkunde, Anerkennung der Schulgemeinde und der Stadt<\/li>\n<li><strong>Versicherung:<\/strong> Bei Unf\u00e4llen, die es hoffentlich nicht geben wird, sind die Sch\u00fclerloten*innen \u00fcber die Unfallkasse des Landes Hessen abgesichert.<\/li>\n<\/ul>\n<p>N\u00e4here Informationen zur Ausbildung, T\u00e4tigkeit und der Geschichte der Sch\u00fclerlotsen findest du hier:<\/p>\n<p><a href=\"https:\/\/deutsche-verkehrswacht.de\/themen\/lotsen-fuer-verkehrssicherheit\/\">Sch\u00fclerlotsen \u2013 Deutsche Verkehrswacht e.V. (deutsche-verkehrswacht.de)<\/a><\/p>\n<h2>Ansprechpartner*in innerhalb der Schule<\/h2>\n<p>Nicol Waniek und Steffen Schleicher -Lehrerzimmer- bitte auch Aush\u00e4nge beachten!<\/p>\n<h2>Aktueller Flyer zum Verkehrslotsendienst<\/h2>\n<p><img loading=\"lazy\" decoding=\"async\" class=\"alignnone size-full wp-image-7340\" src=\"https:\/\/www.lindenauschule.de\/wp-content\/uploads\/2024\/09\/Schuelerlotsen.png\" alt=\"\" width=\"1180\" height=\"805\" srcset=\"https:\/\/www.lindenauschule-hu.de\/wp-content\/uploads\/2024\/09\/Schuelerlotsen.png 1180w, https:\/\/www.lindenauschule-hu.de\/wp-content\/uploads\/2024\/09\/Schuelerlotsen-300x205.png 300w, https:\/\/www.lindenauschule-hu.de\/wp-content\/uploads\/2024\/09\/Schuelerlotsen-1024x699.png 1024w, https:\/\/www.lindenauschule-hu.de\/wp-content\/uploads\/2024\/09\/Schuelerlotsen-768x524.png 768w\" sizes=\"auto, (max-width: 1180px) 100vw, 1180px\" \/><\/p>\n","protected":false},"excerpt":{"rendered":"<p>Fragen rund um den Verkehrslotsendienst an der Lindenauschule\u2026<\/p>\n","protected":false},"author":2,"featured_media":4419,"parent":0,"menu_order":0,"comment_status":"closed","ping_status":"closed","template":"","meta":{"footnotes":""},"class_list":["post-4418","page","type-page","status-publish","has-post-thumbnail","hentry"],"_links":{"self":[{"href":"https:\/\/www.lindenauschule-hu.de\/index.php?rest_route=\/wp\/v2\/pages\/4418","targetHints":{"allow":["GET"]}}],"collection":[{"href":"https:\/\/www.lindenauschule-hu.de\/index.php?rest_route=\/wp\/v2\/pages"}],"about":[{"href":"https:\/\/www.lindenauschule-hu.de\/index.php?rest_route=\/wp\/v2\/types\/page"}],"author":[{"embeddable":true,"href":"https:\/\/www.lindenauschule-hu.de\/index.php?rest_route=\/wp\/v2\/users\/2"}],"replies":[{"embeddable":true,"href":"https:\/\/www.lindenauschule-hu.de\/index.php?rest_route=%2Fwp%2Fv2%2Fcomments&post=4418"}],"version-history":[{"count":4,"href":"https:\/\/www.lindenauschule-hu.de\/index.php?rest_route=\/wp\/v2\/pages\/4418\/revisions"}],"predecessor-version":[{"id":7341,"href":"https:\/\/www.lindenauschule-hu.de\/index.php?rest_route=\/wp\/v2\/pages\/4418\/revisions\/7341"}],"wp:featuredmedia":[{"embeddable":true,"href":"https:\/\/www.lindenauschule-hu.de\/index.php?rest_route=\/wp\/v2\/media\/4419"}],"wp:attachment":[{"href":"https:\/\/www.lindenauschule-hu.de\/index.php?rest_route=%2Fwp%2Fv2%2Fmedia&parent=4418"}],"curies":[{"name":"wp","href":"https:\/\/api.w.org\/{rel}","templated":true}]}}