
{"id":423,"date":"2017-08-06T17:48:47","date_gmt":"2017-08-06T15:48:47","guid":{"rendered":"http:\/\/www2.lindenauschule.de\/?page_id=423"},"modified":"2017-08-06T17:48:47","modified_gmt":"2017-08-06T15:48:47","slug":"infozentrum-2","status":"publish","type":"page","link":"https:\/\/www.lindenauschule-hu.de\/?page_id=423","title":{"rendered":"Infozentrum"},"content":{"rendered":"<p>Das Info ist f\u00fcr Sch\u00fclerinnen und Sch\u00fcler zum Zeitvertreib in den Freistunden geeignet und wird haupts\u00e4chlich von der Unter- und Mittelstunde besucht. Es wurde komplett renoviert und in dem Schuljahr 2002\/2003 neu er\u00f6ffnet.<\/p>\n<p>Zum Freizeitvertreib stehen diverse Brettspiele bereit, welche gegen Vorlage des Sch\u00fclerausweises ausgeliehen werden k\u00f6nnen.<\/p>\n<p>Es stehen auch mehrere Tischtennisplatten zur Verf\u00fcgung.<\/p>\n","protected":false},"excerpt":{"rendered":"<p>Das Info ist f\u00fcr Sch\u00fclerinnen und Sch\u00fcler zum Zeitvertreib in den Freistunden geeignet und wird haupts\u00e4chlich von der Unter- und Mittelstunde besucht. Es wurde komplett renoviert und in dem Schuljahr 2002\/2003 neu er\u00f6ffnet. Zum Freizeitvertreib stehen diverse Brettspiele bereit, welche<\/p>\n","protected":false},"author":2,"featured_media":0,"parent":0,"menu_order":0,"comment_status":"closed","ping_status":"closed","template":"","meta":{"footnotes":""},"class_list":["post-423","page","type-page","status-publish","hentry"],"_links":{"self":[{"href":"https:\/\/www.lindenauschule-hu.de\/index.php?rest_route=\/wp\/v2\/pages\/423","targetHints":{"allow":["GET"]}}],"collection":[{"href":"https:\/\/www.lindenauschule-hu.de\/index.php?rest_route=\/wp\/v2\/pages"}],"about":[{"href":"https:\/\/www.lindenauschule-hu.de\/index.php?rest_route=\/wp\/v2\/types\/page"}],"author":[{"embeddable":true,"href":"https:\/\/www.lindenauschule-hu.de\/index.php?rest_route=\/wp\/v2\/users\/2"}],"replies":[{"embeddable":true,"href":"https:\/\/www.lindenauschule-hu.de\/index.php?rest_route=%2Fwp%2Fv2%2Fcomments&post=423"}],"version-history":[{"count":1,"href":"https:\/\/www.lindenauschule-hu.de\/index.php?rest_route=\/wp\/v2\/pages\/423\/revisions"}],"predecessor-version":[{"id":424,"href":"https:\/\/www.lindenauschule-hu.de\/index.php?rest_route=\/wp\/v2\/pages\/423\/revisions\/424"}],"wp:attachment":[{"href":"https:\/\/www.lindenauschule-hu.de\/index.php?rest_route=%2Fwp%2Fv2%2Fmedia&parent=423"}],"curies":[{"name":"wp","href":"https:\/\/api.w.org\/{rel}","templated":true}]}}