
{"id":3859,"date":"2020-11-19T13:15:18","date_gmt":"2020-11-19T12:15:18","guid":{"rendered":"https:\/\/www.lindenauschule.de\/?page_id=3859"},"modified":"2024-11-14T18:18:18","modified_gmt":"2024-11-14T17:18:18","slug":"schulsozialpaedagogik-2","status":"publish","type":"page","link":"https:\/\/www.lindenauschule-hu.de\/?page_id=3859","title":{"rendered":"Schulsozialp\u00e4dagogik"},"content":{"rendered":"<p>Seit dem Schuljahr 2019\/2020 unterst\u00fctzt Frau Kluck als Sozialp\u00e4dagogin, im Rahmen von UBUS (Unterrichtsbegleitende Unterst\u00fctzung durch Sozialp\u00e4dagogische Fachkr\u00e4fte), das Team der Lindenauschule.<\/p>\n<p>Sie ist Ansprechpartnerin f\u00fcr alle Sch\u00fclerinnen und Sch\u00fcler, Eltern und Lehrkr\u00e4fte der Lindenauschule.<\/p>\n<p>In Zusammenarbeit mit Sch\u00fclerinnen und Sch\u00fclern hilft und ber\u00e4t sie in sozialemotional schwierigen Situationen, wie bspw. nach l\u00e4ngerer Krankheit, Schulabstinenz, einem Schulwechsel oder bei Konflikten. Eltern und Personensorgeberechtigte k\u00f6nnen u.a. Beratung in Erziehungsfragen erhalten.<br \/>\nZiel ist es, Sch\u00fclerinnen und Sch\u00fcler gemeinsam mit den Lehrkr\u00e4ften im multiprofessionellen Team zu f\u00f6rdern und zu st\u00e4rken sowie in ihrer schulischen Entwicklung zu begleiten.<\/p>\n<p>Frau Kluck ist \u00fcber folgende Kontaktdaten, \u00fcber das Sekretariat oder die jeweilige Klassenlehrerinnen und Klassenlehrer zu erreichen:<\/p>\n<p><img loading=\"lazy\" decoding=\"async\" class=\"alignright size-medium wp-image-7405\" src=\"https:\/\/www.lindenauschule.de\/wp-content\/uploads\/2024\/11\/LKluck-193x300.png\" alt=\"\" width=\"193\" height=\"300\" srcset=\"https:\/\/www.lindenauschule-hu.de\/wp-content\/uploads\/2024\/11\/LKluck-193x300.png 193w, https:\/\/www.lindenauschule-hu.de\/wp-content\/uploads\/2024\/11\/LKluck-657x1024.png 657w, https:\/\/www.lindenauschule-hu.de\/wp-content\/uploads\/2024\/11\/LKluck-768x1197.png 768w, https:\/\/www.lindenauschule-hu.de\/wp-content\/uploads\/2024\/11\/LKluck-986x1536.png 986w, https:\/\/www.lindenauschule-hu.de\/wp-content\/uploads\/2024\/11\/LKluck.png 1297w\" sizes=\"auto, (max-width: 193px) 100vw, 193px\" \/>Frau Lisa Kluck<br \/>\n(Sozialp\u00e4dagogik B.A.)<br \/>\nSprechzeiten: Mo-Fr, 7 &#8211; 15 Uhr<br \/>\nTel.: 06181 951 43 46<br \/>\nE-Mail.:<br \/>\nl.kluck@ls-hu.de<br \/>\nRaum: A8<\/p>\n","protected":false},"excerpt":{"rendered":"<p>Seit dem Schuljahr 2019\/2020 unterst\u00fctzt Frau Kluck als Sozialp\u00e4dagogin, im Rahmen von UBUS (Unterrichtsbegleitende Unterst\u00fctzung durch Sozialp\u00e4dagogische Fachkr\u00e4fte), das Team der Lindenauschule. Sie ist Ansprechpartnerin f\u00fcr alle Sch\u00fclerinnen und Sch\u00fcler, Eltern und Lehrkr\u00e4fte der Lindenauschule. In Zusammenarbeit mit Sch\u00fclerinnen und<\/p>\n","protected":false},"author":2,"featured_media":0,"parent":0,"menu_order":0,"comment_status":"closed","ping_status":"closed","template":"","meta":{"footnotes":""},"class_list":["post-3859","page","type-page","status-publish","hentry"],"_links":{"self":[{"href":"https:\/\/www.lindenauschule-hu.de\/index.php?rest_route=\/wp\/v2\/pages\/3859","targetHints":{"allow":["GET"]}}],"collection":[{"href":"https:\/\/www.lindenauschule-hu.de\/index.php?rest_route=\/wp\/v2\/pages"}],"about":[{"href":"https:\/\/www.lindenauschule-hu.de\/index.php?rest_route=\/wp\/v2\/types\/page"}],"author":[{"embeddable":true,"href":"https:\/\/www.lindenauschule-hu.de\/index.php?rest_route=\/wp\/v2\/users\/2"}],"replies":[{"embeddable":true,"href":"https:\/\/www.lindenauschule-hu.de\/index.php?rest_route=%2Fwp%2Fv2%2Fcomments&post=3859"}],"version-history":[{"count":4,"href":"https:\/\/www.lindenauschule-hu.de\/index.php?rest_route=\/wp\/v2\/pages\/3859\/revisions"}],"predecessor-version":[{"id":7409,"href":"https:\/\/www.lindenauschule-hu.de\/index.php?rest_route=\/wp\/v2\/pages\/3859\/revisions\/7409"}],"wp:attachment":[{"href":"https:\/\/www.lindenauschule-hu.de\/index.php?rest_route=%2Fwp%2Fv2%2Fmedia&parent=3859"}],"curies":[{"name":"wp","href":"https:\/\/api.w.org\/{rel}","templated":true}]}}