
{"id":3324,"date":"2020-06-06T13:01:20","date_gmt":"2020-06-06T11:01:20","guid":{"rendered":"https:\/\/www.lindenauschule.de\/?page_id=3324"},"modified":"2024-11-14T18:09:42","modified_gmt":"2024-11-14T17:09:42","slug":"schulsozialpaedagogik","status":"publish","type":"page","link":"https:\/\/www.lindenauschule-hu.de\/?page_id=3324","title":{"rendered":"Schulsozialp\u00e4dagogik"},"content":{"rendered":"<p><img loading=\"lazy\" decoding=\"async\" class=\"alignright size-medium wp-image-7405\" src=\"https:\/\/www.lindenauschule.de\/wp-content\/uploads\/2024\/11\/LKluck-193x300.png\" alt=\"\" width=\"193\" height=\"300\" srcset=\"https:\/\/www.lindenauschule-hu.de\/wp-content\/uploads\/2024\/11\/LKluck-193x300.png 193w, https:\/\/www.lindenauschule-hu.de\/wp-content\/uploads\/2024\/11\/LKluck-657x1024.png 657w, https:\/\/www.lindenauschule-hu.de\/wp-content\/uploads\/2024\/11\/LKluck-768x1197.png 768w, https:\/\/www.lindenauschule-hu.de\/wp-content\/uploads\/2024\/11\/LKluck-986x1536.png 986w, https:\/\/www.lindenauschule-hu.de\/wp-content\/uploads\/2024\/11\/LKluck.png 1297w\" sizes=\"auto, (max-width: 193px) 100vw, 193px\" \/>Liebe Sch\u00fclerinnen &amp; Sch\u00fcler,<\/p>\n<p>bei Fragen und Problemen, ob schulisch oder famili\u00e4r, k\u00f6nnt Ihr euch gerne an mich, die Sozialp\u00e4dagogin Fr. Kluck, wenden.<\/p>\n<p>Ich unterst\u00fctze und berate euch hier gerne.<\/p>\n<p>Ihr k\u00f6nnt mich telefonisch unter folgender Rufnummer erreichen, um euer Anliegen zu schildern oder einen gemeinsamen Gespr\u00e4chstermin zu vereinbaren:<\/p>\n<p>06181-951 43 46<\/p>\n<p>Ich bin ebenfalls unter folgender E-Mail erreichbar:<\/p>\n<p>lisa.kluck@ls-hu.de<\/p>\n<p>Ich befinde mich die meiste Zeit \u00fcber im Raum A8.<\/p>\n<p>Falls ich nicht pers\u00f6nlich anzutreffen oder erreichbar bin, hinterlasst mir doch eine Nachricht (mit eurem Namen, Klasse und einer Nummer) bei einem\/einer Kollegen\/in \u00a0der Ganztagsbetreuung. Ich werde dann auf Euch zukommen.<\/p>\n<p>S\u00e4mtliche Fragen und Anliegen werden von mir vertrauensvoll behandelt.<br \/>\nEure Eltern\/Erziehungsberechtigte haben ebenfalls die M\u00f6glichkeit, sich bei Problemen und Fragen, zur Unterst\u00fctzung und Beratung unter den angegeben Kontaktdaten zu melden.<\/p>\n<p>Liebe Gr\u00fc\u00dfe<\/p>\n<p>Lisa Kluck<\/p>\n","protected":false},"excerpt":{"rendered":"<p>Liebe Sch\u00fclerinnen &amp; Sch\u00fcler, bei Fragen und Problemen, ob schulisch oder famili\u00e4r, k\u00f6nnt Ihr euch gerne an mich, die Sozialp\u00e4dagogin Fr. Kluck, wenden. Ich unterst\u00fctze und berate euch hier gerne. Ihr k\u00f6nnt mich telefonisch unter folgender Rufnummer erreichen, um euer<\/p>\n","protected":false},"author":2,"featured_media":0,"parent":0,"menu_order":0,"comment_status":"closed","ping_status":"closed","template":"","meta":{"footnotes":""},"class_list":["post-3324","page","type-page","status-publish","hentry"],"_links":{"self":[{"href":"https:\/\/www.lindenauschule-hu.de\/index.php?rest_route=\/wp\/v2\/pages\/3324","targetHints":{"allow":["GET"]}}],"collection":[{"href":"https:\/\/www.lindenauschule-hu.de\/index.php?rest_route=\/wp\/v2\/pages"}],"about":[{"href":"https:\/\/www.lindenauschule-hu.de\/index.php?rest_route=\/wp\/v2\/types\/page"}],"author":[{"embeddable":true,"href":"https:\/\/www.lindenauschule-hu.de\/index.php?rest_route=\/wp\/v2\/users\/2"}],"replies":[{"embeddable":true,"href":"https:\/\/www.lindenauschule-hu.de\/index.php?rest_route=%2Fwp%2Fv2%2Fcomments&post=3324"}],"version-history":[{"count":5,"href":"https:\/\/www.lindenauschule-hu.de\/index.php?rest_route=\/wp\/v2\/pages\/3324\/revisions"}],"predecessor-version":[{"id":7408,"href":"https:\/\/www.lindenauschule-hu.de\/index.php?rest_route=\/wp\/v2\/pages\/3324\/revisions\/7408"}],"wp:attachment":[{"href":"https:\/\/www.lindenauschule-hu.de\/index.php?rest_route=%2Fwp%2Fv2%2Fmedia&parent=3324"}],"curies":[{"name":"wp","href":"https:\/\/api.w.org\/{rel}","templated":true}]}}