
{"id":314,"date":"2017-07-28T12:54:01","date_gmt":"2017-07-28T12:54:01","guid":{"rendered":"http:\/\/www2.lindenauschule.de\/?page_id=314"},"modified":"2022-06-30T12:49:25","modified_gmt":"2022-06-30T10:49:25","slug":"foerderverein","status":"publish","type":"page","link":"https:\/\/www.lindenauschule-hu.de\/?page_id=314","title":{"rendered":"F\u00f6rderverein"},"content":{"rendered":"<h3>Der F\u00f6rderverein stellt sich vor<\/h3>\n<p>Am 15. M\u00e4rz 1992 haben Schulleitung, Lehrerkollegium und Elternschaft den &#8222;Verein der Freunde und F\u00f6rderer der Lindenauschule e.V. Hanau-Gro\u00dfauheim&#8220; gegr\u00fcndet. Ziel des Vereins ist es, zu einer hochwertigen Ausstattung der Schule mit Lehr- und Unterrichtsmitteln sowie zur Pflege guter Beziehungen zwischen Schule und \u00d6ffentlichkeit beizutragen.<\/p>\n<p>Aus Spenden und Mitgliedsbeitr\u00e4gen konnten f\u00fcr vielf\u00e4ltige Verwendungen, wie zum Beispiel in den Bereichen Darstellendes Spiel, Deutsch, Informatik, Kunst, Musik, Naturwissenschaften, Religion, Schulseelsorge und Sport, betr\u00e4chtliche Mittel zur Verf\u00fcgung gestellt werden. Auch die Schulbibliothek ist Teil des F\u00f6rderprogramms. F\u00fcr die &#8222;Bl\u00e4serklassen&#8220; wurde die Vorfinanzierung der Instrumente \u00fcbernommen.<\/p>\n<p>Veranstaltungen, die der F\u00f6rderverein unterst\u00fctzt hat, sind beispielsweise die Schulkonzerte, die Vortragsreihe &#8222;Lindenauforum&#8220; und das Lindenaufest. Unterst\u00fctzung haben auch die Begegnungen mit den Partnerschulen aus Conflans Ste. Honorine\/Frankreich, Veszprem\/Ungarn und Kelowna\/Kanada erfahren. Zus\u00e4tzliche F\u00f6rderschwerpunkte k\u00f6nnten die neuen Projektklassen, die p\u00e4dagogische Mittagsbetreuung oder die Schulhofgestaltung werden.F\u00fcr die zuk\u00fcnftigen Aufgaben der Lindenauschule ist die tatkr\u00e4ftige Unterst\u00fctzung durch den F\u00f6rderverein auch weiterhin notwendig. Die Zahl der Mitglieder soll noch gesteigert werden. Der Mitgliedsbeitrag ist niedrig (12\u20ac j\u00e4hrlich), Spenden sind in beliebiger H\u00f6he m\u00f6glich &#8211; und f\u00fcr beides werden steuerabzugsf\u00e4hige Spendenquittungen ausgestellt, da der F\u00f6rderverein als gemeinn\u00fctzig anerkannt ist.<\/p>\n<h3>Vorstand des Vereins<\/h3>\n<ul>\n<li>Andrea Eckrich (Kassiererin)<\/li>\n<li>Bettina Seibert (Schriftf\u00fchrerin)<\/li>\n<li>Dr. Hermann Alig (stellv. Vorsitzender)<\/li>\n<li>Claudia Neumann (Vorsitzende)<\/li>\n<\/ul>\n<p>Weitere Vorstands- und Beiratsmitglieder sind zur Zeit:<\/p>\n<ul>\n<li>Markus Schwinn<\/li>\n<li>Heike Zeiger-Bruch<\/li>\n<li>Bojana Percic<\/li>\n<li>Thomas Kuzel (Schulelternbeiratsvorsitzender)<\/li>\n<\/ul>\n<h3>Adresse<\/h3>\n<p>Verein der Freunde und F\u00f6rderer der Lindenauschule e.V.<br \/>\nc\/o Claudia Neumann<br \/>\nWolfgangstra\u00dfe 5<br \/>\n63755 Alzenau<br \/>\nE-Mail: Foerderverein.\u200blindenauschule@t-online.\u200bde\u200b<\/p>\n<h3>Bankverbindung<\/h3>\n<p>Sparkasse Hanau<\/p>\n<p>IBAN: DE75506500230011079696<\/p>\n<p>BIC: HELADEF1HAN<\/p>\n<h3>Downloads<\/h3>\n<div class='w3eden'><!-- WPDM Link Template: Default Template -->\n\n<div class=\"link-template-default card mb-2\">\n    <div class=\"card-body\">\n        <div class=\"media\">\n            <div class=\"mr-3 img-48\"><img decoding=\"async\" class=\"wpdm_icon\" alt=\"Icon\"   src=\"https:\/\/www.lindenauschule.de\/wp-content\/plugins\/download-manager\/assets\/file-type-icons\/pdf.png\" \/><\/div>\n            <div class=\"media-body\">\n                <h3 class=\"package-title\"><a href='https:\/\/www.lindenauschule-hu.de\/?wpdmpro=informationen-zum-datenschutz-foerderverein'>Informationen zum Datenschutz (F\u00f6rderverein)<\/a><\/h3>\n                <div class=\"text-muted text-small\"><i class=\"fas fa-copy\"><\/i> 1 Datei(en) <i class=\"fas fa-hdd ml-3\"><\/i> 119.85 KB<\/div>\n            <\/div>\n            <div class=\"ml-3\">\n                <a class='wpdm-download-link download-on-click btn btn-primary ' rel='nofollow' href='#' data-downloadurl=\"https:\/\/www.lindenauschule-hu.de\/?wpdmpro=informationen-zum-datenschutz-foerderverein&wpdmdl=5161&refresh=6a0599ef784dd1778751983\">Download<\/a>\n            <\/div>\n        <\/div>\n    <\/div>\n<\/div>\n\n<\/div>\n<div class='w3eden'><!-- WPDM Link Template: Default Template -->\n\n<div class=\"link-template-default card mb-2\">\n    <div class=\"card-body\">\n        <div class=\"media\">\n            <div class=\"mr-3 img-48\"><img decoding=\"async\" class=\"wpdm_icon\" alt=\"Icon\"   src=\"https:\/\/www.lindenauschule.de\/wp-content\/plugins\/download-manager\/assets\/file-type-icons\/pdf.png\" \/><\/div>\n            <div class=\"media-body\">\n                <h3 class=\"package-title\"><a href='https:\/\/www.lindenauschule-hu.de\/?wpdmpro=mitgliedsantrag-zum-foerderverein'>Mitgliedsantrag zum F\u00f6rderverein<\/a><\/h3>\n                <div class=\"text-muted text-small\"><i class=\"fas fa-copy\"><\/i> 1 Datei(en) <i class=\"fas fa-hdd ml-3\"><\/i> 145.40 KB<\/div>\n            <\/div>\n            <div class=\"ml-3\">\n                <a class='wpdm-download-link download-on-click btn btn-primary ' rel='nofollow' href='#' data-downloadurl=\"https:\/\/www.lindenauschule-hu.de\/?wpdmpro=mitgliedsantrag-zum-foerderverein&wpdmdl=514&refresh=6a0599ef79e441778751983\">Download<\/a>\n            <\/div>\n        <\/div>\n    <\/div>\n<\/div>\n\n<\/div>\n<div class='w3eden'><!-- WPDM Link Template: Default Template -->\n\n<div class=\"link-template-default card mb-2\">\n    <div class=\"card-body\">\n        <div class=\"media\">\n            <div class=\"mr-3 img-48\"><img decoding=\"async\" class=\"wpdm_icon\" alt=\"Icon\"   src=\"https:\/\/www.lindenauschule.de\/wp-content\/plugins\/download-manager\/assets\/file-type-icons\/pdf.png\" \/><\/div>\n            <div class=\"media-body\">\n                <h3 class=\"package-title\"><a href='https:\/\/www.lindenauschule-hu.de\/?wpdmpro=vereinssatzung-des-foerdervereins'>Vereinssatzung des F\u00f6rdervereins<\/a><\/h3>\n                <div class=\"text-muted text-small\"><i class=\"fas fa-copy\"><\/i> 1 Datei(en) <i class=\"fas fa-hdd ml-3\"><\/i> 287.90 KB<\/div>\n            <\/div>\n            <div class=\"ml-3\">\n                <a class='wpdm-download-link download-on-click btn btn-primary ' rel='nofollow' href='#' data-downloadurl=\"https:\/\/www.lindenauschule-hu.de\/?wpdmpro=vereinssatzung-des-foerdervereins&wpdmdl=510&refresh=6a0599ef7ade11778751983\">Download<\/a>\n            <\/div>\n        <\/div>\n    <\/div>\n<\/div>\n\n<\/div>\n<p>C. Neumann<\/p>\n","protected":false},"excerpt":{"rendered":"<p>Der F\u00f6rderverein stellt sich vor Am 15. M\u00e4rz 1992 haben Schulleitung, Lehrerkollegium und Elternschaft den &#8222;Verein der Freunde und F\u00f6rderer der Lindenauschule e.V. Hanau-Gro\u00dfauheim&#8220; gegr\u00fcndet. Ziel des Vereins ist es, zu einer hochwertigen Ausstattung der Schule mit Lehr- und Unterrichtsmitteln<\/p>\n","protected":false},"author":2,"featured_media":0,"parent":0,"menu_order":0,"comment_status":"closed","ping_status":"closed","template":"","meta":{"footnotes":""},"class_list":["post-314","page","type-page","status-publish","hentry"],"_links":{"self":[{"href":"https:\/\/www.lindenauschule-hu.de\/index.php?rest_route=\/wp\/v2\/pages\/314","targetHints":{"allow":["GET"]}}],"collection":[{"href":"https:\/\/www.lindenauschule-hu.de\/index.php?rest_route=\/wp\/v2\/pages"}],"about":[{"href":"https:\/\/www.lindenauschule-hu.de\/index.php?rest_route=\/wp\/v2\/types\/page"}],"author":[{"embeddable":true,"href":"https:\/\/www.lindenauschule-hu.de\/index.php?rest_route=\/wp\/v2\/users\/2"}],"replies":[{"embeddable":true,"href":"https:\/\/www.lindenauschule-hu.de\/index.php?rest_route=%2Fwp%2Fv2%2Fcomments&post=314"}],"version-history":[{"count":15,"href":"https:\/\/www.lindenauschule-hu.de\/index.php?rest_route=\/wp\/v2\/pages\/314\/revisions"}],"predecessor-version":[{"id":5164,"href":"https:\/\/www.lindenauschule-hu.de\/index.php?rest_route=\/wp\/v2\/pages\/314\/revisions\/5164"}],"wp:attachment":[{"href":"https:\/\/www.lindenauschule-hu.de\/index.php?rest_route=%2Fwp%2Fv2%2Fmedia&parent=314"}],"curies":[{"name":"wp","href":"https:\/\/api.w.org\/{rel}","templated":true}]}}