
{"id":230,"date":"2017-07-27T16:44:58","date_gmt":"2017-07-27T16:44:58","guid":{"rendered":"http:\/\/www2.lindenauschule.de\/?page_id=230"},"modified":"2020-03-06T11:42:30","modified_gmt":"2020-03-06T10:42:30","slug":"berufsorientierung","status":"publish","type":"page","link":"https:\/\/www.lindenauschule-hu.de\/?page_id=230","title":{"rendered":"Berufsorientierung"},"content":{"rendered":"<h3>Regionale und \u00fcberregionale Aktivit\u00e4ten<\/h3>\n<ul>\n<li>Teilnahme am <a title=\"Girls- und Boysday\" href=\".\/?page_id=232\">Girls\/Boys-Day<\/a><\/li>\n<li>Teilnahme an der Girls\u00b4 Day Akademie in Kooperation mit der Gesellschaft f\u00fcr Wirtschaftskunde e.V. (GfW)<\/li>\n<li>Berufswahlpass<\/li>\n<li>Kooperation mit Bundesagentur f\u00fcr Arbeit<\/li>\n<li>Kooperation mit OloV (Optimierung der lokalen Vermittlungsarbeit bei der Schaffung und Besetzung von Ausbildungspl\u00e4tzen in Hessen)<\/li>\n<\/ul>\n<p align=\"justify\">\u201eDer \u00dcbergang von der Schule in den Beruf steht im Mittelpunkt des Hessischen Paktes f\u00fcr Ausbildung.\u201c<\/p>\n<ul>\n<li>Berufsorientierung mit F\u00f6rderung der Ausbildungsreife<\/li>\n<li>Ausbildungsplatz-Akquise<\/li>\n<li>Vermittlung in Ausbildung<\/li>\n<\/ul>\n<h3>Berufsorientierung an der Lindenauschule<\/h3>\n<p align=\"justify\">Vermittlung in Berufsausbildung (Duale Ausbildung) oder weiterf\u00fchrende Schule<\/p>\n<ul>\n<li>Curricula, pers\u00f6nlicher Ansprechpartner, Kompetenzfeststellung, Ermittlung F\u00f6rderbedarf, Bewerbungstraining, Vermittlung von Praktikumsbetrieben, Beratung vor und nach Vorstellungsgespr\u00e4chen, individuelle Begleitung und Beratung, Unterricht Gesellschaftslehre und Arbeitslehre; Elternarbeit<\/li>\n<li>Einf\u00fchrung Berufswahlpass in Jg. 7<\/li>\n<li>Betriebspraktikum in Jg. 8 (Blockpraktikum 2 Wochen)<\/li>\n<li>Betriebspraktikum in Jg. 9 IGS (Blockpraktikum 2 Wochen)<\/li>\n<li>PuSch-Konzept (Jg. 9) mit zwei Praxistagen<\/li>\n<li>Hauptschulklassen (Jg. 9) mit Praxistag<\/li>\n<li>Berufsmesse \u201eLindenauschule\u201c: Vorstellung von regionalen Betrieben und weiterf\u00fchrenden Schulen (BFS, FOS, BG)<\/li>\n<li>Kooperation mit Jugendwerkstatt Hanau e.V.<\/li>\n<\/ul>\n<h3>Die \u201eLindenau\u201c als weiterf\u00fchrende Schule<\/h3>\n<p align=\"justify\">Gymnasiale Oberstufe mit Franz\u00f6sisch und Spanisch als 2. Fremdsprache<\/p>\n<h3>Ansprechpartner\/Schulkoordinator Berufswegeplanung<\/h3>\n<p align=\"justify\">G. Kretschmann (Termine \u00fcber Sekretariat)<\/p>\n","protected":false},"excerpt":{"rendered":"<p>Regionale und \u00fcberregionale Aktivit\u00e4ten Teilnahme am Girls\/Boys-Day Teilnahme an der Girls\u00b4 Day Akademie in Kooperation mit der Gesellschaft f\u00fcr Wirtschaftskunde e.V. (GfW) Berufswahlpass Kooperation mit Bundesagentur f\u00fcr Arbeit Kooperation mit OloV (Optimierung der lokalen Vermittlungsarbeit bei der Schaffung und Besetzung<\/p>\n","protected":false},"author":2,"featured_media":0,"parent":0,"menu_order":0,"comment_status":"closed","ping_status":"closed","template":"","meta":{"footnotes":""},"class_list":["post-230","page","type-page","status-publish","hentry"],"_links":{"self":[{"href":"https:\/\/www.lindenauschule-hu.de\/index.php?rest_route=\/wp\/v2\/pages\/230","targetHints":{"allow":["GET"]}}],"collection":[{"href":"https:\/\/www.lindenauschule-hu.de\/index.php?rest_route=\/wp\/v2\/pages"}],"about":[{"href":"https:\/\/www.lindenauschule-hu.de\/index.php?rest_route=\/wp\/v2\/types\/page"}],"author":[{"embeddable":true,"href":"https:\/\/www.lindenauschule-hu.de\/index.php?rest_route=\/wp\/v2\/users\/2"}],"replies":[{"embeddable":true,"href":"https:\/\/www.lindenauschule-hu.de\/index.php?rest_route=%2Fwp%2Fv2%2Fcomments&post=230"}],"version-history":[{"count":4,"href":"https:\/\/www.lindenauschule-hu.de\/index.php?rest_route=\/wp\/v2\/pages\/230\/revisions"}],"predecessor-version":[{"id":2804,"href":"https:\/\/www.lindenauschule-hu.de\/index.php?rest_route=\/wp\/v2\/pages\/230\/revisions\/2804"}],"wp:attachment":[{"href":"https:\/\/www.lindenauschule-hu.de\/index.php?rest_route=%2Fwp%2Fv2%2Fmedia&parent=230"}],"curies":[{"name":"wp","href":"https:\/\/api.w.org\/{rel}","templated":true}]}}