
{"id":176,"date":"2017-07-27T08:44:22","date_gmt":"2017-07-27T08:44:22","guid":{"rendered":"http:\/\/www2.lindenauschule.de\/?page_id=176"},"modified":"2020-07-07T21:10:03","modified_gmt":"2020-07-07T19:10:03","slug":"downloads","status":"publish","type":"page","link":"https:\/\/www.lindenauschule-hu.de\/?page_id=176","title":{"rendered":"Downloads"},"content":{"rendered":"                <div id=\"wpdmtree\"><\/div>       <link rel=\"stylesheet\" href=\"https:\/\/www.lindenauschule-hu.de\/wp-content\/plugins\/wpdm-extended-shortcodes\/css\/jqueryFileTree.css\" \/>              <div id=\"tree6a0326d771522\"><\/div>    <script>        jQuery( function($) {                 var nw = 0;            $.getScript('https:\/\/www.lindenauschule-hu.de\/wp-content\/plugins\/wpdm-extended-shortcodes\/js\/jqueryFileTree.js', function() {              $('#tree6a0326d771522').fileTree({                script: 'https:\/\/www.lindenauschule-hu.de\/?task=wpdm_tree&params=K2NcVqHnDUpmieQ7WOd_VIL0480GhiIPWFuz3QmbU5eup4G2iOCInSJtFmfa_MKHpiaAzfkSKLAbSnSo7UCGCg',                 expandSpeed: 1000,                collapseSpeed: 1000,                root: '\/',                multiFolder: false            }, function(file) {               if(nw === 1)                window.open(file);                else                location.href = file;                          });            });                    });    <\/script>    \n<p>F\u00fcr die Funktionsf\u00e4higkeit dieser Seite m\u00fcssen Sie der Verwendung von Cookies zustimmen.<\/p>\n","protected":false},"excerpt":{"rendered":"<p>F\u00fcr die Funktionsf\u00e4higkeit dieser Seite m\u00fcssen Sie der Verwendung von Cookies zustimmen.<\/p>\n","protected":false},"author":2,"featured_media":0,"parent":0,"menu_order":0,"comment_status":"closed","ping_status":"closed","template":"","meta":{"footnotes":""},"class_list":["post-176","page","type-page","status-publish","hentry"],"_links":{"self":[{"href":"https:\/\/www.lindenauschule-hu.de\/index.php?rest_route=\/wp\/v2\/pages\/176","targetHints":{"allow":["GET"]}}],"collection":[{"href":"https:\/\/www.lindenauschule-hu.de\/index.php?rest_route=\/wp\/v2\/pages"}],"about":[{"href":"https:\/\/www.lindenauschule-hu.de\/index.php?rest_route=\/wp\/v2\/types\/page"}],"author":[{"embeddable":true,"href":"https:\/\/www.lindenauschule-hu.de\/index.php?rest_route=\/wp\/v2\/users\/2"}],"replies":[{"embeddable":true,"href":"https:\/\/www.lindenauschule-hu.de\/index.php?rest_route=%2Fwp%2Fv2%2Fcomments&post=176"}],"version-history":[{"count":43,"href":"https:\/\/www.lindenauschule-hu.de\/index.php?rest_route=\/wp\/v2\/pages\/176\/revisions"}],"predecessor-version":[{"id":3525,"href":"https:\/\/www.lindenauschule-hu.de\/index.php?rest_route=\/wp\/v2\/pages\/176\/revisions\/3525"}],"wp:attachment":[{"href":"https:\/\/www.lindenauschule-hu.de\/index.php?rest_route=%2Fwp%2Fv2%2Fmedia&parent=176"}],"curies":[{"name":"wp","href":"https:\/\/api.w.org\/{rel}","templated":true}]}}