
{"id":1348,"date":"2019-02-14T18:31:40","date_gmt":"2019-02-14T17:31:40","guid":{"rendered":"https:\/\/www.lindenauschule.de\/?page_id=1348"},"modified":"2025-05-14T10:39:07","modified_gmt":"2025-05-14T08:39:07","slug":"mint-mathematik-informatik-naturwissenschaften-technik","status":"publish","type":"page","link":"https:\/\/www.lindenauschule-hu.de\/?page_id=1348","title":{"rendered":"MINT \u2013 Mathematik, Informatik, Naturwissenschaften, Technik"},"content":{"rendered":"<div class=\"entry-content clearfix\">\n<p><img loading=\"lazy\" decoding=\"async\" class=\"alignnone size-full wp-image-5369\" src=\"https:\/\/www.lindenauschule.de\/wp-content\/uploads\/2022\/10\/mzs-logo-schule_2025-web.jpg\" alt=\"\" width=\"283\" height=\"142\" \/><\/p>\n<p><span data-contrast=\"auto\">Die Lindenauschule wurde am 29. September 2022 zum zweiten Mal zur <\/span><b><span data-contrast=\"none\">\u201e<a href=\"https:\/\/www.lindenauschule.de\/?p=5366\">MINTfreundlichen Schule<\/a>\u201c<\/span><\/b> <span data-contrast=\"auto\">ausgezeichnet. <\/span><\/p>\n<p><span data-contrast=\"auto\">Dies ist ein Zertifikat von der Initiative <\/span><a href=\"https:\/\/mintzukunftschaffen.de\/\"><span data-contrast=\"none\">MINT Zukunft schaffen <\/span><\/a><span data-contrast=\"auto\">und zeugt von den besonderen Bem\u00fchungen der Lindenauschule, ihre Sch\u00fcler:innen im MINT-Bereich zu f\u00f6rdern.<\/span><\/p>\n<p><span data-contrast=\"auto\">Um den Interessen und Begabungen der Sch\u00fcler:innen in den Teilbereichen Mathematik, Informatik, Naturwissenschaften und Technik entgegen zu\u00a0 kommen, verfolgt die Lindenauschule auch dieses Schuljahr ein umfassendes MINT \u2013 Konzept:\u00a0<\/span><\/p>\n<p><b><span data-contrast=\"auto\">1. MINT \u2013 Unterricht<\/span><\/b><\/p>\n<ul>\n<li data-leveltext=\"\u2022\" data-font=\"Arial\" data-listid=\"5\" aria-setsize=\"-1\" data-aria-posinset=\"1\" data-aria-level=\"1\"><span data-contrast=\"auto\">Klasse 5 und 6: <\/span><span data-contrast=\"none\"><a href=\"https:\/\/www.lindenauschule.de\/?p=5060\">NaWi<\/a> &#8211;<\/span><span data-contrast=\"none\"> und <a href=\"https:\/\/www.lindenauschule.de\/?p=1402\">MINT<\/a>-Klassen <\/span><span data-contrast=\"auto\">mit zus\u00e4tzlich 2 Wochenstunden, NaWi- oder MINT-Unterricht:\u00a0 Naturwissenschaftl. Experimente, Scratch und LEGO Mindstorms<\/span><\/li>\n<li data-leveltext=\"\u2022\" data-font=\"Arial\" data-listid=\"5\" aria-setsize=\"-1\" data-aria-posinset=\"2\" data-aria-level=\"1\"><span data-contrast=\"auto\">Klasse 7: <\/span><a href=\"https:\/\/www.lindenauschule.de\/?p=1400\"><span data-contrast=\"none\">ITEG <\/span><\/a><span data-contrast=\"auto\">(Informationstechnische Grundlagen) mit 2 Wochenstunden<\/span><\/li>\n<li data-leveltext=\"\u2022\" data-font=\"Arial\" data-listid=\"6\" aria-setsize=\"-1\" data-aria-posinset=\"3\" data-aria-level=\"1\"><span data-contrast=\"auto\">Klasse 7, 8, 9 und 10 WP-Unterricht mit 3 Wochenstunden:\u00a0 <\/span><a href=\"https:\/\/www.lindenauschule.de\/?p=1383\"><span data-contrast=\"none\">Holzbearbeitung<\/span><\/a><span data-contrast=\"auto\">, <\/span><a href=\"https:\/\/www.lindenauschule.de\/?p=1395\">IT-Technik<\/a> <span data-contrast=\"auto\">(Programmiersprachen), <a href=\"https:\/\/www.lindenauschule.de\/?page_id=3577\">Informatik<\/a>, <a href=\"https:\/\/www.lindenauschule.de\/?page_id=3575\">Erdkunde<\/a>, <\/span><a href=\"https:\/\/www.lindenauschule.de\/?p=4560\">Ern\u00e4hrung und Kochen<\/a><span data-contrast=\"auto\">,<\/span><a href=\"https:\/\/www.lindenauschule.de\/?p=4564\">NaWi<\/a><span data-contrast=\"auto\"> (naturwissenschaftl. Experimente), <\/span><a href=\"https:\/\/www.lindenauschule.de\/?page_id=3577\">\u00d6kologie\/Biologie<\/a><span data-contrast=\"auto\">, <a href=\"https:\/\/www.lindenauschule.de\/?p=5657\">Medien &#8211; Digitale Helden<\/a>, <a href=\"https:\/\/www.lindenauschule.de\/?page_id=3575\">Schulhofgestaltung<\/a>, <a href=\"https:\/\/www.lindenauschule.de\/?p=6512\">AWS &#8211; Get IT<\/a><\/span><\/li>\n<li data-leveltext=\"\u2022\" data-font=\"Arial\" data-listid=\"6\" aria-setsize=\"-1\" data-aria-posinset=\"4\" data-aria-level=\"1\"><span data-contrast=\"auto\">Klasse 10 und 11 (E-Phase): Eine zus\u00e4tzliche Wochenstunde in Mathematik und Chemie (nur in 10)<\/span><\/li>\n<li data-leveltext=\"\u2022\" data-font=\"Arial\" data-listid=\"6\" aria-setsize=\"-1\" data-aria-posinset=\"4\" data-aria-level=\"1\">Biologie: <a href=\"https:\/\/www.lindenauschule.de\/?p=4987\">Modellkompetenz im Unterricht,<\/a>\u00a0<a href=\"https:\/\/www.lindenauschule.de\/?p=5230\">Untersuchung der Gew\u00e4sserg\u00fctequalit\u00e4t des Mains<\/a><\/li>\n<\/ul>\n<p>&nbsp;<\/p>\n<p><b><span data-contrast=\"auto\">2. MINT \u2013 AGs<\/span><\/b><\/p>\n<ul>\n<li data-leveltext=\"\u2022\" data-font=\"Arial\" data-listid=\"5\" aria-setsize=\"-1\" data-aria-posinset=\"1\" data-aria-level=\"1\"><span data-contrast=\"none\"><span data-contrast=\"none\">Klasse 5-7: <a href=\"https:\/\/www.lindenauschule.de\/?p=1366\">Schulimkerei<\/a>,\u00a0<a href=\"https:\/\/www.lindenauschule.de\/?p=1337\">Fahrradwerkstatt<\/a>,\u00a0<a href=\"https:\/\/www.lindenauschule.de\/?p=1466\">Holzwerkstatt<\/a>,\u00a0<a href=\"https:\/\/www.lindenauschule.de\/?p=3169\">Schulteich<\/a>, \u00a0<a href=\"https:\/\/www.lindenauschule.de\/?p=2206\">Sauberkeitspaten<\/a>, Garten&amp;Kreativ, <a href=\"https:\/\/www.lindenauschule.de\/?p=5659\">Holzb\u00e4nke<\/a>, <\/span><\/span>Cajon und Spiel, <a href=\"https:\/\/www.lindenauschule.de\/?p=1354\">LEGO Mindstorms<\/a>, Aquarium und Fische<\/li>\n<\/ul>\n<p>&nbsp;<\/p>\n<p><b><span data-contrast=\"auto\">3. MINT \u2013\u00a0<\/span><\/b><b><span data-contrast=\"auto\">Projekte\u00a0<\/span><\/b><b><span data-contrast=\"auto\">und\u00a0<\/span><\/b><b><span data-contrast=\"auto\">Studienfahrt<\/span><\/b><\/p>\n<ul>\n<li><a href=\"https:\/\/www.youtube.com\/channel\/UCwHFkWPLbUrIRYuwzfp2-rQ\">Mint-Youtube-Kanal<\/a><\/li>\n<li><a href=\"https:\/\/www.lindenauschule.de\/?page_id=287\">Umwelttag<\/a><\/li>\n<li><a href=\"https:\/\/www.lindenauschule.de\/wp-content\/uploads\/2025\/03\/UmwelttagReader2023-2024.pdf\">Hummelprojekt<\/a><\/li>\n<li><a href=\"https:\/\/www.lindenauschule.de\/?p=5056\">Kooperation mit Vogel- und Naturschutzverein Gro\u00dfauheim e.V. &#8211; Vogel-Cam, Bienen-Cam und Teich-Cam <\/a><\/li>\n<\/ul>\n<p>Klassen 5 und 6:<\/p>\n<ul>\n<li data-leveltext=\"\u2022\" data-font=\"Arial\" data-listid=\"5\" aria-setsize=\"-1\" data-aria-posinset=\"3\" data-aria-level=\"1\"><span data-contrast=\"none\"><a href=\"https:\/\/www.lindenauschule.de\/?p=4572\">Gem\u00fcseAckerdemie<\/a><\/span><\/li>\n<li><a href=\"https:\/\/www.lindenauschule.de\/wp-content\/uploads\/2025\/03\/UmwelttagReader2024-2025.pdf\">\u201eIdeenlabor Natur\u201c Bionik-Wanderausstellung des Umweltzentrums Hanau<\/a><\/li>\n<li>Profamilia: Unterst\u00fctzung der Sexualerziehungsunterrichts<\/li>\n<li><a href=\"https:\/\/www.lindenauschule.de\/wp-content\/uploads\/2025\/03\/UmwelttagReader2024-2025.pdf\">Umweltzentrum Hanau: Projekttag zum Thema Wasserkreislauf<\/a><\/li>\n<li><a href=\"https:\/\/www.lindenauschule.de\/wp-content\/uploads\/2025\/03\/UmwelttagReader2024-2025.pdf\">Waldexkursion zum Thema Wald im Klimawandel<\/a><\/li>\n<li><a href=\"https:\/\/www.lindenauschule.de\/wp-content\/uploads\/2025\/03\/UmwelttagReader2024-2025.pdf\">Sauberkeitspaten der Stadt Hanau<\/a><\/li>\n<li><a href=\"https:\/\/www.lindenauschule.de\/?p=6595\">Exkursion zum Kaltwassergeysir in Andernach<\/a><\/li>\n<\/ul>\n<p>Klassen 7 bis 10:<\/p>\n<ul>\n<li><a href=\"https:\/\/www.lindenauschule.de\/wp-content\/uploads\/2025\/03\/UmwelttagReader2024-2025.pdf\">Senckenbergmuseum<\/a><\/li>\n<li><a href=\"https:\/\/www.lindenauschule.de\/wp-content\/uploads\/2025\/03\/UmwelttagReader2024-2025.pdf\">Wildpark Alte Fasanerie<\/a><\/li>\n<li><a href=\"https:\/\/www.lindenauschule.de\/wp-content\/uploads\/2025\/03\/UmwelttagReader2024-2025.pdf\">Nachhaltigkeitsziele Bibliothek Gro\u00dfauheim<\/a><\/li>\n<li><a href=\"https:\/\/www.lindenauschule.de\/wp-content\/uploads\/2025\/03\/UmwelttagReader2024-2025.pdf\">Umweltzentrum: Naturschutzgebiet Campo Pond<\/a><\/li>\n<li><a href=\"https:\/\/www.lindenauschule.de\/wp-content\/uploads\/2025\/03\/UmwelttagReader2024-2025.pdf\">Verbraucherzentrale: Plastiksparen in der Schule<\/a><\/li>\n<li><a href=\"https:\/\/www.lindenauschule.de\/?p=7738\">Przewalski-Wildpferde in die Mongolei<\/a><\/li>\n<li><a href=\"https:\/\/www.lindenauschule.de\/?p=7775\">Sch\u00fclerlabortage Blut Goethe Universit\u00e4t Frankfurt<\/a><\/li>\n<li><a href=\"https:\/\/www.lindenauschule.de\/?p=7398\">Redoxreaktionen Goethe Universit\u00e4t Frankfurt (Ausflug in Sch\u00fclerlabor)<\/a><\/li>\n<li><a href=\"https:\/\/www.lindenauschule.de\/wp-content\/uploads\/2025\/03\/UmwelttagReader2024-2025.pdf\">Ernte und Pflege Hochbeete<\/a><\/li>\n<li><a href=\"https:\/\/www.lindenauschule.de\/wp-content\/uploads\/2025\/03\/UmwelttagReader2024-2025.pdf\">Zoologischer Garten Frankfurt: Bedrohte V\u00f6gel und S\u00e4uger<\/a><\/li>\n<li><a href=\"https:\/\/www.lindenauschule.de\/wp-content\/uploads\/2025\/03\/UmwelttagReader2024-2025.pdf\">Apfelkeltern mit schuleigener Kelter: Apfelspenden von REWE und der Kelterei Walter Bruchk\u00f6bel<\/a><\/li>\n<li><a href=\"https:\/\/www.lindenauschule.de\/?p=7419\">Klimatag<\/a><\/li>\n<li><a href=\"https:\/\/www.lindenauschule.de\/?p=7753\">Pilotprojekt: M\u00fclltrennung und Recycling in der Praxis<\/a><\/li>\n<li><a href=\"https:\/\/www.lindenauschule.de\/?p=6585\">Chemiepraktikum Anorganische Chemie in der Goethe Universit\u00e4t Frankfurt<\/a><\/li>\n<li><a href=\"https:\/\/www.lindenauschule.de\/?p=7398\">Chemiepraktikum Redoxreaktionen in der Goethe Universit\u00e4t Frankfurt<\/a><\/li>\n<li data-leveltext=\"\u2022\" data-font=\"Arial\" data-listid=\"5\" aria-setsize=\"-1\" data-aria-posinset=\"3\" data-aria-level=\"1\"><a href=\"https:\/\/www.lindenauschule.de\/?p=5089\">Plastic pirates \u2013 Europaweite Untersuchung der Flie\u00dfgew\u00e4sser &#8211; Dem M\u00fcll auf der Spur<\/a><\/li>\n<li data-leveltext=\"\u2022\" data-font=\"Arial\" data-listid=\"5\" aria-setsize=\"-1\" data-aria-posinset=\"3\" data-aria-level=\"1\"><a href=\"https:\/\/www.lindenauschule.de\/?p=7591\">Zwischen Fakt und Fiktion: Was wir \u00fcber W\u00f6lfe wissen<\/a><\/li>\n<\/ul>\n<\/div>\n<p>Klassen 11 bis 13:<\/p>\n<ul>\n<li><a href=\"https:\/\/www.lindenauschule.de\/?p=7651\">Sch\u00fclerlabortag Diffusion und Osmose im Goethe BioLab der Goethe Universit\u00e4t Frankfurt<\/a><\/li>\n<li><a href=\"https:\/\/www.lindenauschule.de\/?p=7640\">Projekttag Gentechnik: Genie-Konzept<\/a><\/li>\n<li><a href=\"https:\/\/www.lindenauschule.de\/wp-content\/uploads\/2025\/03\/UmwelttagReader2024-2025.pdf\">Repair \u2013 Cafe Hanau: Reparieren von Gegenst\u00e4nden<\/a><\/li>\n<li><a href=\"https:\/\/www.lindenauschule.de\/wp-content\/uploads\/2025\/03\/UmwelttagReader2024-2025.pdf\">Palmengarten: App Actionbound<\/a><\/li>\n<li>Chemieshow f\u00fcr Kindergartenkinder<\/li>\n<li><a href=\"https:\/\/www.lindenauschule.de\/?p=1360\">Physikdetektive f\u00fcr Grundschulen<\/a><\/li>\n<li><a href=\"https:\/\/www.lindenauschule.de\/?p=4987\">Modellkompetenzf\u00f6rderung im Unterricht<\/a><\/li>\n<li><a href=\"https:\/\/www.lindenauschule.de\/?p=7691\">Exkursion zu Evonik im Fach Chemie<\/a><\/li>\n<li><a href=\"https:\/\/www.lindenauschule.de\/?p=3169\">Untersuchung \u00d6kosystem Teich<\/a><\/li>\n<li><a href=\"https:\/\/www.lindenauschule.de\/?p=7783\">Zoo Frankfurt<\/a><\/li>\n<li><span data-contrast=\"auto\">Studienfahrt: <\/span><a href=\"https:\/\/www.lindenauschule.de\/?p=4550\"><span data-contrast=\"none\">Seminarfahrt \u00d6kologie in der Klasse 11 (E-Phase)<\/span><\/a><\/li>\n<\/ul>\n<div class=\"entry-content clearfix\">\n<p><b><span data-contrast=\"auto\">4<\/span><\/b><b><span data-contrast=\"auto\">. MINT \u2013 Wettbewerbe<\/span><\/b><\/p>\n<ul>\n<li data-leveltext=\"\u2022\" data-font=\"Arial\" data-listid=\"8\" aria-setsize=\"-1\" data-aria-posinset=\"1\" data-aria-level=\"1\"><a href=\"https:\/\/www.lindenauschule.de\/?p=1375\"><span data-contrast=\"none\">Mathematikwettbewerb<\/span><\/a><span data-contrast=\"auto\"> in Klasse 8 und Klasse 11<\/span><\/li>\n<li data-leveltext=\"\u2022\" data-font=\"Arial\" data-listid=\"8\" aria-setsize=\"-1\" data-aria-posinset=\"1\" data-aria-level=\"1\"><a href=\"https:\/\/www.lindenauschule.de\/?p=1373\"><span data-contrast=\"none\">K\u00e4nguru-Wettbewerb <\/span><\/a><span data-contrast=\"auto\">(Mathematik) in den Klassen 5 bis 13<\/span><\/li>\n<li><a href=\"https:\/\/www.lindenauschule.de\/?p=7508\">Mathe im Advent in den Klassen 5 und 6<\/a><\/li>\n<li><a href=\"https:\/\/www.lindenauschule.de\/?p=7571\">Physik im Advent in Klasse 7<\/a><\/li>\n<li><a href=\"https:\/\/www.lindenauschule.de\/?p=7810\"><span data-teams=\"true\">&#8222;Chemie-die stimmt!&#8220;<\/span><\/a> in Klasse 9<\/li>\n<li><a href=\"https:\/\/www.lindenauschule.de\/?p=7727\">Dechemax in Klasse 9<\/a><\/li>\n<li><a href=\"https:\/\/www.lindenauschule.de\/?p=6529\">Dechemax in Klasse 10<\/a><\/li>\n<li data-leveltext=\"\u2022\" data-font=\"Arial\" data-listid=\"8\" aria-setsize=\"-1\" data-aria-posinset=\"1\" data-aria-level=\"1\"><a href=\"https:\/\/www.lindenauschule.de\/?p=5668\"><span data-contrast=\"none\">Junior Science Olympiade <\/span><\/a><span data-contrast=\"auto\">in der Klasse 8<\/span><\/li>\n<li data-leveltext=\"\u2022\" data-font=\"Arial\" data-listid=\"8\" aria-setsize=\"-1\" data-aria-posinset=\"1\" data-aria-level=\"1\"><a href=\"https:\/\/www.lindenauschule.de\/?p=7710\"><span data-contrast=\"none\">Biologie Olympiade <\/span><\/a><span data-contrast=\"auto\">in der Klasse 12 (Q-Phase)\u00a0<\/span><\/li>\n<li data-leveltext=\"\u2022\" data-font=\"Arial\" data-listid=\"8\" aria-setsize=\"-1\" data-aria-posinset=\"2\" data-aria-level=\"1\"><span data-contrast=\"auto\">Schulinterne MINT \u2013 Wettbewerbe:<\/span> <span data-contrast=\"none\"><a href=\"https:\/\/www.lindenauschule.de\/?p=4581\">Mausefallenautorennenwettbewerb <\/a>(Physik)<\/span><span data-contrast=\"auto\"> in der Klasse 11 (E-Phase), <\/span>Scratch \u2013 Wettbewerb <span data-contrast=\"auto\">in den Klassen 5, 6, 9 und 10<\/span><\/li>\n<li data-leveltext=\"\u2022\" data-font=\"Arial\" data-listid=\"8\" aria-setsize=\"-1\" data-aria-posinset=\"2\" data-aria-level=\"1\">Nachhaltigkeitspreis der Stadt Hanau: <a href=\"https:\/\/www.lindenauschule.de\/?p=5184\">\u201eLindenau for Life\u201c gewinnt 300 Euro beim Nachhaltigkeitspreis der Stadt Hanau \u2013 Lindenauschule<\/a><\/li>\n<\/ul>\n<p>&nbsp;<\/p>\n<p><span data-contrast=\"auto\"><strong>5<\/strong><b>. MINT \u2013 Berufsorientierung<\/b><\/span><\/p>\n<ul>\n<li data-leveltext=\"\u2022\" data-font=\"Arial\" data-listid=\"8\" aria-setsize=\"-1\" data-aria-posinset=\"3\" data-aria-level=\"1\"><span data-contrast=\"auto\">Regelm\u00e4\u00dfige Zusammenarbeit mit\/Teilnahme an: <\/span><a href=\"https:\/\/www.lindenauschule.de\/?page_id=418\"><span data-contrast=\"none\">Bundesagentur f\u00fcr Arbeit Hanau<\/span><\/a><\/li>\n<li>Klassen 5 und 6: <a href=\"https:\/\/www.lindenauschule.de\/?p=7377\">Frankfurter Kinderuni an der Goethe Universit\u00e4t Frankfurt<\/a><\/li>\n<li>Klassen 5 bis 10: <span data-contrast=\"none\"><a href=\"https:\/\/www.lindenauschule.de\/?page_id=232\">Girl\u2019s Day\/Boy\u2019s Day<\/a><\/span><\/li>\n<li>Klasse 8: <a href=\"https:\/\/www.lindenauschule.de\/wp-content\/uploads\/2025\/03\/UmwelttagReader2023-2024.pdf\">TouchTomorrow<\/a><\/li>\n<li>Klasse 9: <a href=\"https:\/\/www.lindenauschule.de\/?p=7694\">\u201eI am MINT\u201c in Kooperation mit der Landesarbeitsgemeinschaft Schulewirtschaft Hessen<\/a>, <a href=\"https:\/\/www.lindenauschule.de\/?p=7434\">Betriebsrat von Evonik: Ausstellung \u201e120 Jahre Mitbestimmung\u201c und \u201eMitbestimmung und die UNNachhaltigkeitsziele\u201c im Hanauer Rathaus<\/a>, <a href=\"https:\/\/www.lindenauschule.de\/?p=5545\">HackerSchool<\/a>, <a href=\"https:\/\/www.lindenauschule.de\/?p=5949\">#Real:Digital<\/a> Interaktive Workshops f\u00fcr die Sch\u00fclerinnen und Sch\u00fcler<\/li>\n<li data-leveltext=\"\u2022\" data-font=\"Arial\" data-listid=\"8\" aria-setsize=\"-1\" data-aria-posinset=\"3\" data-aria-level=\"1\"><span data-contrast=\"none\"><a href=\"https:\/\/www.lindenauschule.de\/?p=836\">Berufspraktika in der Klasse 8<\/a>, 9 und <a href=\"https:\/\/www.lindenauschule.de\/?p=2152\">12<\/a><\/span><\/li>\n<li data-leveltext=\"\u2022\" data-font=\"Arial\" data-listid=\"8\" aria-setsize=\"-1\" data-aria-posinset=\"3\" data-aria-level=\"1\">Klassen 9 und 10: <a href=\"https:\/\/www.lindenauschule.de\/?p=2477\"><span data-contrast=\"none\">Berufsmesse<\/span><\/a><span data-contrast=\"auto\">: Regionale Unternehmen stellen MINT-Berufe vor<\/span><\/li>\n<li data-leveltext=\"\u2022\" data-font=\"Arial\" data-listid=\"8\" aria-setsize=\"-1\" data-aria-posinset=\"3\" data-aria-level=\"1\"><a href=\"https:\/\/www.lindenauschule.de\/?p=5949\">#Real:Digital<\/a> Interaktive Workshops f\u00fcr die Sch\u00fclerinnen und Sch\u00fcler<\/li>\n<li>Klasse 11: <a href=\"https:\/\/www.lindenauschule.de\/?p=7380\">Tag der Naturwissenschaften an der Goethe-Universit\u00e4t<\/a>, ClassChats zu nachhaltigen Berufen<\/li>\n<li><span data-contrast=\"none\">Klasse 12: <a href=\"https:\/\/www.lindenauschule.de\/?p=5194\">Br\u00fcckenschlagen<\/a> &#8211; Sch\u00fclerkongress mit Vortr\u00e4gen von Professor:innen der Goethe-Universit\u00e4t aus dem MINT-Bereich 2021\/2022<\/span><\/li>\n<li>Klasse 12: <a href=\"https:\/\/www.lindenauschule.de\/?p=5874\">Br\u00fcckenschlagen<\/a> &#8211; <span data-contrast=\"none\">Sch\u00fclerkongress mit Vortr\u00e4gen von Professor:innen der Goethe-Universit\u00e4t aus dem MINT-Bereich 2022\/2023<\/span><\/li>\n<li>Klasse 12: <a href=\"https:\/\/www.lindenauschule.de\/?p=6568\">Br\u00fcckenschlagen<\/a> &#8211; <span data-contrast=\"none\">Sch\u00fclerkongress mit Vortr\u00e4gen von Professor:innen der Goethe-Universit\u00e4t aus dem MINT-Bereich 2023\/2024<\/span><\/li>\n<li>Klasse 12: <a href=\"https:\/\/www.lindenauschule.de\/?p=7553\">Br\u00fcckenschlagen<\/a> &#8211; <span data-contrast=\"none\">Sch\u00fclerkongress mit Vortr\u00e4gen von Professor:innen der Goethe-Universit\u00e4t aus dem MINT-Bereich 2024\/2025<\/span><\/li>\n<\/ul>\n<p><b><span data-contrast=\"auto\">6. MINT \u2013 Wirtschaftspartner und au\u00dferschulische Lernorte (Beispiele)<\/span><\/b><\/p>\n<ul>\n<li data-leveltext=\"\u2022\" data-font=\"Arial\" data-listid=\"11\" aria-setsize=\"-1\" data-aria-posinset=\"2\" data-aria-level=\"1\"><a href=\"https:\/\/mintzukunftschaffen.de\/\">MINT Zukunft schaffen<\/a>,\u00a0<a href=\"https:\/\/www.schule-wirtschaft-hessen.de\/\">Schule Wirtschaft Hessen<\/a>, \u00a0<a href=\"https:\/\/iammint.de\/\">I am MINT<\/a>, <a href=\"https:\/\/appcamps.de\/\">APP CAMPS<\/a>, <a href=\"https:\/\/www.genie-konzept.de\/\">Genie-Konzept<\/a>, <a href=\"https:\/\/www.hanau.de\/umwelt\/umweltzentrum\/index.html\">Umweltzentrum Hanau<\/a>, <a href=\"https:\/\/www.rhoeniversum.de\/\">R\u00f6hniversium<\/a>, <a href=\"https:\/\/www.acker.co\/gemueseackerdemie\">Gem\u00fcseAckerdemie<\/a>, <a href=\"https:\/\/www.profamilia.de\/\">Verbraucherzentrale Hessen<\/a>, <a href=\"https:\/\/www.hessen-forst.de\/\">HessenForst<\/a>, <a href=\"https:\/\/www.profamilia.de\/\">Profamlia<\/a>, <a href=\"https:\/\/www.evonik.com\/de.html\">Evonik<\/a>, <a href=\"https:\/\/www.bafza.de\/engagement-und-aktionen\/girlsday-und-boysday\">Boys\u2019Day Girls\u2019Day<\/a>, <a href=\"https:\/\/www.hs-rm.de\/de\/\">Hochschule RheinMain<\/a>, <a href=\"https:\/\/www.amazonfutureengineer.de\/\">amazon future engineer<\/a>, <a href=\"https:\/\/www.uni-frankfurt.de\/94753629\/Br%C3%BCckenschlagen___Wissenschaft_in_die_Schulen\">Br\u00fcckenschlagen Goethe-Universit\u00e4t Frankfurt<\/a>, <span data-contrast=\"none\"><a href=\"https:\/\/www.bio.uni-frankfurt.de\/49874133\/Biolab\">Goethe BioLab<\/a><\/span>, Walther Familienkelterei Burchk\u00f6bel, <a href=\"https:\/\/www.palmengarten.de\/de\/index.html\">Palmen Garten Frankfurt<\/a>, <span data-contrast=\"none\"><a href=\"https:\/\/museumfrankfurt.senckenberg.de\/de\/\">Senckenbergmuseum Frankfurt<\/a><\/span>, <a href=\"https:\/\/www.buergerstiftung-hanau.de\/\">B\u00fcrgerstiftung Hanau Stadt und Land<\/a>, <a href=\"https:\/\/www.bibliothek-grossauheim.info\/\">Bibliothek Gro\u00dfauheim<\/a>, Mindstorms education, <span data-contrast=\"none\"><a href=\"https:\/\/www.uni-frankfurt.de\/53459061\/Goethe_Sch%C3%BClerlabor_Chemie\">Goethe Sch\u00fclerLabor Chemie<\/a><\/span>, <a href=\"https:\/\/repaircafe-hanau.de\/\">Repair Cafe Hanau<\/a>, <span data-contrast=\"none\"><a href=\"https:\/\/www.kinderuni.uni-frankfurt.de\/34831485\/Frankfurter_Kinder_Universit%C3%A4t_2021?legacy_request=1\">Kinderuni Frankfurt<\/a><\/span>, <a href=\"https:\/\/www.zoo-frankfurt.de\/de\">Zoo Frankfurt<\/a>, <a href=\"https:\/\/www.uni-frankfurt.de\/89756479\/22__Tag_der_Naturwissenschaften___Unterst%C3%BCtzung_bei_der_Kurswahl_in_der_Oberstufe\">Tag der Naturwissenschaften Goetheuni Frankfurt<\/a>, <a href=\"https:\/\/www.rewe.de\/marktseite\/hanau-wolfgang\/240792\/rewe-markt-grashuepferweg-6\/\">Rewe Wolfgang<\/a>, <a href=\"https:\/\/www.dwd.de\/DE\/Home\/home_node.html\">Deutscher Wetterdienst<\/a>, <a href=\"https:\/\/ideenlabor-natur.de\/\">Ideenlabor Natur<\/a>, <a href=\"https:\/\/www.hanau.de\/vielfalt-leben\/buergerengagement\/sauberkeitspaten\/index.html\">Saubkeitspaten Hanau<\/a>, <a href=\"http:\/\/www.natur-und-vogelschutzverein-grossostheim.de\/\">Vogelschutzverein Hanau Gro\u00dfauheim<\/a><\/li>\n<\/ul>\n<p><b><span data-contrast=\"auto\">7. MINT \u2013 Kooperationen mit anderen Schulen<\/span><\/b><\/p>\n<ul>\n<li data-leveltext=\"\u2022\" data-font=\"Arial\" data-listid=\"14\" aria-setsize=\"-1\" data-aria-posinset=\"1\" data-aria-level=\"1\">Grundschulen:\u00a0<a href=\"https:\/\/www.lindenauschule.de\/?p=1360\">Physikdetektive\u00a0<\/a>und\u00a0<a href=\"https:\/\/www.lindenauschule.de\/?p=896\">Bionikreihe<\/a>,\u00a0<a href=\"https:\/\/www.lindenauschule.de\/?p=1011\">Soroptimist-MINT-Projekt\u00a0<\/a>an der Hohen Landesschule, Chemie-Show in den umliegenden Kinderg\u00e4rten,\u00a0<a href=\"https:\/\/www.lindenauschule.de\/?p=1172\">Girls Day Academie<\/a><\/li>\n<\/ul>\n<p>Einen virtuellen Einblick in unseren Naturwissenschaftsbereich erhalten sie hier in unserem <a href=\"http:\/\/www.lindenauschule.de\/tdot\/index1.html\">virtuellen Rundgang<\/a>.<\/p>\n<p>&nbsp;<\/p>\n<p><span data-contrast=\"auto\">Katrin Devic<\/span><\/p>\n<\/div>\n","protected":false},"excerpt":{"rendered":"<p>Die Lindenauschule wurde am 29. September 2022 zum zweiten Mal zur \u201eMINTfreundlichen Schule\u201c ausgezeichnet. Dies ist ein Zertifikat von der Initiative MINT Zukunft schaffen und zeugt von den besonderen Bem\u00fchungen der Lindenauschule, ihre Sch\u00fcler:innen im MINT-Bereich zu f\u00f6rdern. Um den<\/p>\n","protected":false},"author":2,"featured_media":0,"parent":0,"menu_order":0,"comment_status":"closed","ping_status":"closed","template":"","meta":{"footnotes":""},"class_list":["post-1348","page","type-page","status-publish","hentry"],"_links":{"self":[{"href":"https:\/\/www.lindenauschule-hu.de\/index.php?rest_route=\/wp\/v2\/pages\/1348","targetHints":{"allow":["GET"]}}],"collection":[{"href":"https:\/\/www.lindenauschule-hu.de\/index.php?rest_route=\/wp\/v2\/pages"}],"about":[{"href":"https:\/\/www.lindenauschule-hu.de\/index.php?rest_route=\/wp\/v2\/types\/page"}],"author":[{"embeddable":true,"href":"https:\/\/www.lindenauschule-hu.de\/index.php?rest_route=\/wp\/v2\/users\/2"}],"replies":[{"embeddable":true,"href":"https:\/\/www.lindenauschule-hu.de\/index.php?rest_route=%2Fwp%2Fv2%2Fcomments&post=1348"}],"version-history":[{"count":54,"href":"https:\/\/www.lindenauschule-hu.de\/index.php?rest_route=\/wp\/v2\/pages\/1348\/revisions"}],"predecessor-version":[{"id":7829,"href":"https:\/\/www.lindenauschule-hu.de\/index.php?rest_route=\/wp\/v2\/pages\/1348\/revisions\/7829"}],"wp:attachment":[{"href":"https:\/\/www.lindenauschule-hu.de\/index.php?rest_route=%2Fwp%2Fv2%2Fmedia&parent=1348"}],"curies":[{"name":"wp","href":"https:\/\/api.w.org\/{rel}","templated":true}]}}